{"id":151,"date":"2019-01-01T12:04:31","date_gmt":"2019-01-01T09:04:31","guid":{"rendered":"http:\/\/themes.thememasters.club\/exqute\/?page_id=151"},"modified":"2023-08-11T16:02:22","modified_gmt":"2023-08-11T13:02:22","slug":"referanslar","status":"publish","type":"page","link":"http:\/\/www.duzeyboya.com\/index.php\/referanslar\/","title":{"rendered":"Referanslar\u0131m\u0131z"},"content":{"rendered":"\t\t<div data-elementor-type=\"wp-page\" data-elementor-id=\"151\" class=\"elementor elementor-151\">\n\t\t\t\t\t\t\t\t\t<section class=\"elementor-section elementor-top-section elementor-element elementor-element-3bc8f82 elementor-section-boxed elementor-section-height-default elementor-section-height-default\" data-id=\"3bc8f82\" data-element_type=\"section\">\n\t\t\t\t\t\t<div class=\"elementor-container elementor-column-gap-default\">\n\t\t\t\t\t<div class=\"elementor-column elementor-col-100 elementor-top-column elementor-element elementor-element-6e79c70\" data-id=\"6e79c70\" data-element_type=\"column\">\n\t\t\t<div class=\"elementor-widget-wrap elementor-element-populated\">\n\t\t\t\t\t\t\t\t<div class=\"elementor-element elementor-element-d6794b0 elementor-widget elementor-widget-text-editor\" data-id=\"d6794b0\" data-element_type=\"widget\" data-widget_type=\"text-editor.default\">\n\t\t\t\t<div class=\"elementor-widget-container\">\n\t\t\t<style>\/*! elementor - v3.16.0 - 14-09-2023 *\/\n.elementor-widget-text-editor.elementor-drop-cap-view-stacked .elementor-drop-cap{background-color:#69727d;color:#fff}.elementor-widget-text-editor.elementor-drop-cap-view-framed .elementor-drop-cap{color:#69727d;border:3px solid;background-color:transparent}.elementor-widget-text-editor:not(.elementor-drop-cap-view-default) .elementor-drop-cap{margin-top:8px}.elementor-widget-text-editor:not(.elementor-drop-cap-view-default) .elementor-drop-cap-letter{width:1em;height:1em}.elementor-widget-text-editor .elementor-drop-cap{float:left;text-align:center;line-height:1;font-size:50px}.elementor-widget-text-editor .elementor-drop-cap-letter{display:inline-block}<\/style>\t\t\t\t<center>Bizimle \u00e7al\u0131\u015fmay\u0131 tercih eden t\u00fcm m\u00fc\u015fterilerimize, bize g\u00fcvendikleri i\u00e7in te\u015fekk\u00fcr\u00fc bor\u00e7 biliriz.<\/center><p>Her ge\u00e7en g\u00fcn artan referanslar\u0131m\u0131z ile s\u00fcrekli b\u00fcy\u00fcmeye devam ediyoruz. M\u00fc\u015fteri memnuniyeti bizim i\u00e7in\u00a0\u00a0en iyi referanst\u0131r. Kalitemize\u00a0g\u00fcvenen ve birlikte \u00e7al\u0131\u015fmaktan mutluluk duydu\u011fumuz baz\u0131 referanslar\u0131,\u00a0istendi\u011fi takdirde payla\u015fabiliriz.<\/p><center><em>Sizlere de hizmet vererek aram\u0131zda g\u00f6rmekten b\u00fcy\u00fck mutluluk duyar\u0131z.<\/em><\/center>\t\t\t\t\t\t<\/div>\n\t\t\t\t<\/div>\n\t\t\t\t\t<\/div>\n\t\t<\/div>\n\t\t\t\t\t\t\t<\/div>\n\t\t<\/section>\n\t\t\t\t<section class=\"elementor-section elementor-top-section elementor-element elementor-element-82edb9e elementor-section-boxed elementor-section-height-default elementor-section-height-default\" data-id=\"82edb9e\" data-element_type=\"section\">\n\t\t\t\t\t\t<div class=\"elementor-container elementor-column-gap-default\">\n\t\t\t\t\t<div class=\"elementor-column elementor-col-100 elementor-top-column elementor-element elementor-element-9bdf769\" data-id=\"9bdf769\" data-element_type=\"column\">\n\t\t\t<div class=\"elementor-widget-wrap elementor-element-populated\">\n\t\t\t\t\t\t\t\t<div class=\"elementor-element elementor-element-6024fe0 elementor-widget elementor-widget-spacer\" data-id=\"6024fe0\" data-element_type=\"widget\" data-widget_type=\"spacer.default\">\n\t\t\t\t<div class=\"elementor-widget-container\">\n\t\t\t<style>\/*! elementor - v3.16.0 - 14-09-2023 *\/\n.elementor-column .elementor-spacer-inner{height:var(--spacer-size)}.e-con{--container-widget-width:100%}.e-con-inner>.elementor-widget-spacer,.e-con>.elementor-widget-spacer{width:var(--container-widget-width,var(--spacer-size));--align-self:var(--container-widget-align-self,initial);--flex-shrink:0}.e-con-inner>.elementor-widget-spacer>.elementor-widget-container,.e-con>.elementor-widget-spacer>.elementor-widget-container{height:100%;width:100%}.e-con-inner>.elementor-widget-spacer>.elementor-widget-container>.elementor-spacer,.e-con>.elementor-widget-spacer>.elementor-widget-container>.elementor-spacer{height:100%}.e-con-inner>.elementor-widget-spacer>.elementor-widget-container>.elementor-spacer>.elementor-spacer-inner,.e-con>.elementor-widget-spacer>.elementor-widget-container>.elementor-spacer>.elementor-spacer-inner{height:var(--container-widget-height,var(--spacer-size))}.e-con-inner>.elementor-widget-spacer.elementor-widget-empty,.e-con>.elementor-widget-spacer.elementor-widget-empty{position:relative;min-height:22px;min-width:22px}.e-con-inner>.elementor-widget-spacer.elementor-widget-empty .elementor-widget-empty-icon,.e-con>.elementor-widget-spacer.elementor-widget-empty .elementor-widget-empty-icon{position:absolute;top:0;bottom:0;left:0;right:0;margin:auto;padding:0;width:22px;height:22px}<\/style>\t\t<div class=\"elementor-spacer\">\n\t\t\t<div class=\"elementor-spacer-inner\"><\/div>\n\t\t<\/div>\n\t\t\t\t<\/div>\n\t\t\t\t<\/div>\n\t\t\t\t\t<\/div>\n\t\t<\/div>\n\t\t\t\t\t\t\t<\/div>\n\t\t<\/section>\n\t\t\t\t\t\t\t<\/div>\n\t\t","protected":false},"excerpt":{"rendered":"<p>Bizimle \u00e7al\u0131\u015fmay\u0131 tercih eden t\u00fcm m\u00fc\u015fterilerimize, bize g\u00fcvendikleri i\u00e7in te\u015fekk\u00fcr\u00fc bor\u00e7 biliriz. Her ge\u00e7en g\u00fcn artan referanslar\u0131m\u0131z ile s\u00fcrekli b\u00fcy\u00fcmeye devam ediyoruz. M\u00fc\u015fteri memnuniyeti bizim i\u00e7in\u00a0\u00a0en iyi referanst\u0131r. Kalitemize\u00a0g\u00fcvenen ve birlikte \u00e7al\u0131\u015fmaktan mutluluk duydu\u011fumuz baz\u0131 referanslar\u0131,\u00a0istendi\u011fi takdirde payla\u015fabiliriz. Sizlere de hizmet vererek aram\u0131zda g\u00f6rmekten b\u00fcy\u00fck mutluluk duyar\u0131z.<\/p>\n","protected":false},"author":2,"featured_media":0,"parent":0,"menu_order":0,"comment_status":"closed","ping_status":"closed","template":"projects_template_2.php","meta":{"om_disable_all_campaigns":false,"_monsterinsights_skip_tracking":false,"_monsterinsights_sitenote_active":false,"_monsterinsights_sitenote_note":"","_monsterinsights_sitenote_category":0,"footnotes":""},"class_list":["post-151","page","type-page","status-publish","hentry"],"yoast_head":"<!-- This site is optimized with the Yoast SEO plugin v21.1 - https:\/\/yoast.com\/wordpress\/plugins\/seo\/ -->\n<title>Referanslar\u0131m\u0131z - Duzey Boya<\/title>\n<meta name=\"robots\" content=\"index, follow, max-snippet:-1, max-image-preview:large, max-video-preview:-1\" \/>\n<link rel=\"canonical\" href=\"http:\/\/www.duzeyboya.com\/index.php\/referanslar\/\" \/>\n<meta property=\"og:locale\" content=\"tr_TR\" \/>\n<meta property=\"og:type\" content=\"article\" \/>\n<meta property=\"og:title\" content=\"Referanslar\u0131m\u0131z - Duzey Boya\" \/>\n<meta property=\"og:description\" content=\"Bizimle \u00e7al\u0131\u015fmay\u0131 tercih eden t\u00fcm m\u00fc\u015fterilerimize, bize g\u00fcvendikleri i\u00e7in te\u015fekk\u00fcr\u00fc bor\u00e7 biliriz. Her ge\u00e7en g\u00fcn artan referanslar\u0131m\u0131z ile s\u00fcrekli b\u00fcy\u00fcmeye devam ediyoruz. M\u00fc\u015fteri memnuniyeti bizim i\u00e7in\u00a0\u00a0en iyi referanst\u0131r. Kalitemize\u00a0g\u00fcvenen ve birlikte \u00e7al\u0131\u015fmaktan mutluluk duydu\u011fumuz baz\u0131 referanslar\u0131,\u00a0istendi\u011fi takdirde payla\u015fabiliriz. Sizlere de hizmet vererek aram\u0131zda g\u00f6rmekten b\u00fcy\u00fck mutluluk duyar\u0131z.\" \/>\n<meta property=\"og:url\" content=\"http:\/\/www.duzeyboya.com\/index.php\/referanslar\/\" \/>\n<meta property=\"og:site_name\" content=\"Duzey Boya\" \/>\n<meta property=\"article:modified_time\" content=\"2023-08-11T13:02:22+00:00\" \/>\n<meta name=\"twitter:card\" content=\"summary_large_image\" \/>\n<meta name=\"twitter:label1\" content=\"Tahmini okuma s\u00fcresi\" \/>\n\t<meta name=\"twitter:data1\" content=\"1 dakika\" \/>\n<script type=\"application\/ld+json\" class=\"yoast-schema-graph\">{\"@context\":\"https:\/\/schema.org\",\"@graph\":[{\"@type\":\"WebPage\",\"@id\":\"http:\/\/www.duzeyboya.com\/index.php\/referanslar\/\",\"url\":\"http:\/\/www.duzeyboya.com\/index.php\/referanslar\/\",\"name\":\"Referanslar\u0131m\u0131z - Duzey Boya\",\"isPartOf\":{\"@id\":\"http:\/\/www.duzeyboya.com\/#website\"},\"datePublished\":\"2019-01-01T09:04:31+00:00\",\"dateModified\":\"2023-08-11T13:02:22+00:00\",\"breadcrumb\":{\"@id\":\"http:\/\/www.duzeyboya.com\/index.php\/referanslar\/#breadcrumb\"},\"inLanguage\":\"tr\",\"potentialAction\":[{\"@type\":\"ReadAction\",\"target\":[\"http:\/\/www.duzeyboya.com\/index.php\/referanslar\/\"]}]},{\"@type\":\"BreadcrumbList\",\"@id\":\"http:\/\/www.duzeyboya.com\/index.php\/referanslar\/#breadcrumb\",\"itemListElement\":[{\"@type\":\"ListItem\",\"position\":1,\"name\":\"Anasayfa\",\"item\":\"http:\/\/www.duzeyboya.com\/\"},{\"@type\":\"ListItem\",\"position\":2,\"name\":\"Referanslar\u0131m\u0131z\"}]},{\"@type\":\"WebSite\",\"@id\":\"http:\/\/www.duzeyboya.com\/#website\",\"url\":\"http:\/\/www.duzeyboya.com\/\",\"name\":\"Duzey Boya\",\"description\":\"Ah\u015fap Transfer Kaplama\",\"publisher\":{\"@id\":\"http:\/\/www.duzeyboya.com\/#organization\"},\"potentialAction\":[{\"@type\":\"SearchAction\",\"target\":{\"@type\":\"EntryPoint\",\"urlTemplate\":\"http:\/\/www.duzeyboya.com\/?s={search_term_string}\"},\"query-input\":\"required name=search_term_string\"}],\"inLanguage\":\"tr\"},{\"@type\":\"Organization\",\"@id\":\"http:\/\/www.duzeyboya.com\/#organization\",\"name\":\"Duzey Boya\",\"url\":\"http:\/\/www.duzeyboya.com\/\",\"logo\":{\"@type\":\"ImageObject\",\"inLanguage\":\"tr\",\"@id\":\"http:\/\/www.duzeyboya.com\/#\/schema\/logo\/image\/\",\"url\":\"http:\/\/www.duzeyboya.com\/wp-content\/uploads\/2023\/08\/192-elektrostatik-toz-boya-duzey-boya-ve-metal-sanayi-logo.png\",\"contentUrl\":\"http:\/\/www.duzeyboya.com\/wp-content\/uploads\/2023\/08\/192-elektrostatik-toz-boya-duzey-boya-ve-metal-sanayi-logo.png\",\"width\":286,\"height\":113,\"caption\":\"Duzey Boya\"},\"image\":{\"@id\":\"http:\/\/www.duzeyboya.com\/#\/schema\/logo\/image\/\"}}]}<\/script>\n<!-- \/ Yoast SEO plugin. -->","yoast_head_json":{"title":"Referanslar\u0131m\u0131z - Duzey Boya","robots":{"index":"index","follow":"follow","max-snippet":"max-snippet:-1","max-image-preview":"max-image-preview:large","max-video-preview":"max-video-preview:-1"},"canonical":"http:\/\/www.duzeyboya.com\/index.php\/referanslar\/","og_locale":"tr_TR","og_type":"article","og_title":"Referanslar\u0131m\u0131z - Duzey Boya","og_description":"Bizimle \u00e7al\u0131\u015fmay\u0131 tercih eden t\u00fcm m\u00fc\u015fterilerimize, bize g\u00fcvendikleri i\u00e7in te\u015fekk\u00fcr\u00fc bor\u00e7 biliriz. Her ge\u00e7en g\u00fcn artan referanslar\u0131m\u0131z ile s\u00fcrekli b\u00fcy\u00fcmeye devam ediyoruz. M\u00fc\u015fteri memnuniyeti bizim i\u00e7in\u00a0\u00a0en iyi referanst\u0131r. Kalitemize\u00a0g\u00fcvenen ve birlikte \u00e7al\u0131\u015fmaktan mutluluk duydu\u011fumuz baz\u0131 referanslar\u0131,\u00a0istendi\u011fi takdirde payla\u015fabiliriz. Sizlere de hizmet vererek aram\u0131zda g\u00f6rmekten b\u00fcy\u00fck mutluluk duyar\u0131z.","og_url":"http:\/\/www.duzeyboya.com\/index.php\/referanslar\/","og_site_name":"Duzey Boya","article_modified_time":"2023-08-11T13:02:22+00:00","twitter_card":"summary_large_image","twitter_misc":{"Tahmini okuma s\u00fcresi":"1 dakika"},"schema":{"@context":"https:\/\/schema.org","@graph":[{"@type":"WebPage","@id":"http:\/\/www.duzeyboya.com\/index.php\/referanslar\/","url":"http:\/\/www.duzeyboya.com\/index.php\/referanslar\/","name":"Referanslar\u0131m\u0131z - Duzey Boya","isPartOf":{"@id":"http:\/\/www.duzeyboya.com\/#website"},"datePublished":"2019-01-01T09:04:31+00:00","dateModified":"2023-08-11T13:02:22+00:00","breadcrumb":{"@id":"http:\/\/www.duzeyboya.com\/index.php\/referanslar\/#breadcrumb"},"inLanguage":"tr","potentialAction":[{"@type":"ReadAction","target":["http:\/\/www.duzeyboya.com\/index.php\/referanslar\/"]}]},{"@type":"BreadcrumbList","@id":"http:\/\/www.duzeyboya.com\/index.php\/referanslar\/#breadcrumb","itemListElement":[{"@type":"ListItem","position":1,"name":"Anasayfa","item":"http:\/\/www.duzeyboya.com\/"},{"@type":"ListItem","position":2,"name":"Referanslar\u0131m\u0131z"}]},{"@type":"WebSite","@id":"http:\/\/www.duzeyboya.com\/#website","url":"http:\/\/www.duzeyboya.com\/","name":"Duzey Boya","description":"Ah\u015fap Transfer Kaplama","publisher":{"@id":"http:\/\/www.duzeyboya.com\/#organization"},"potentialAction":[{"@type":"SearchAction","target":{"@type":"EntryPoint","urlTemplate":"http:\/\/www.duzeyboya.com\/?s={search_term_string}"},"query-input":"required name=search_term_string"}],"inLanguage":"tr"},{"@type":"Organization","@id":"http:\/\/www.duzeyboya.com\/#organization","name":"Duzey Boya","url":"http:\/\/www.duzeyboya.com\/","logo":{"@type":"ImageObject","inLanguage":"tr","@id":"http:\/\/www.duzeyboya.com\/#\/schema\/logo\/image\/","url":"http:\/\/www.duzeyboya.com\/wp-content\/uploads\/2023\/08\/192-elektrostatik-toz-boya-duzey-boya-ve-metal-sanayi-logo.png","contentUrl":"http:\/\/www.duzeyboya.com\/wp-content\/uploads\/2023\/08\/192-elektrostatik-toz-boya-duzey-boya-ve-metal-sanayi-logo.png","width":286,"height":113,"caption":"Duzey Boya"},"image":{"@id":"http:\/\/www.duzeyboya.com\/#\/schema\/logo\/image\/"}}]}},"_links":{"self":[{"href":"http:\/\/www.duzeyboya.com\/index.php\/wp-json\/wp\/v2\/pages\/151","targetHints":{"allow":["GET"]}}],"collection":[{"href":"http:\/\/www.duzeyboya.com\/index.php\/wp-json\/wp\/v2\/pages"}],"about":[{"href":"http:\/\/www.duzeyboya.com\/index.php\/wp-json\/wp\/v2\/types\/page"}],"author":[{"embeddable":true,"href":"http:\/\/www.duzeyboya.com\/index.php\/wp-json\/wp\/v2\/users\/2"}],"replies":[{"embeddable":true,"href":"http:\/\/www.duzeyboya.com\/index.php\/wp-json\/wp\/v2\/comments?post=151"}],"version-history":[{"count":7,"href":"http:\/\/www.duzeyboya.com\/index.php\/wp-json\/wp\/v2\/pages\/151\/revisions"}],"predecessor-version":[{"id":567,"href":"http:\/\/www.duzeyboya.com\/index.php\/wp-json\/wp\/v2\/pages\/151\/revisions\/567"}],"wp:attachment":[{"href":"http:\/\/www.duzeyboya.com\/index.php\/wp-json\/wp\/v2\/media?parent=151"}],"curies":[{"name":"wp","href":"https:\/\/api.w.org\/{rel}","templated":true}]}}