{"id":2,"date":"2023-07-26T15:34:06","date_gmt":"2023-07-26T12:34:06","guid":{"rendered":"http:\/\/www.duzeyboya.com\/?page_id=2"},"modified":"2023-08-11T09:34:12","modified_gmt":"2023-08-11T06:34:12","slug":"kalite-politikamiz","status":"publish","type":"page","link":"http:\/\/www.duzeyboya.com\/index.php\/kalite-politikamiz\/","title":{"rendered":"Kalite Politikam\u0131z"},"content":{"rendered":"\t\t<div data-elementor-type=\"wp-page\" data-elementor-id=\"2\" class=\"elementor elementor-2\">\n\t\t\t\t\t\t\t\t\t<section class=\"elementor-section elementor-top-section elementor-element elementor-element-2c6c56a elementor-section-boxed elementor-section-height-default elementor-section-height-default\" data-id=\"2c6c56a\" data-element_type=\"section\">\n\t\t\t\t\t\t<div class=\"elementor-container elementor-column-gap-default\">\n\t\t\t\t\t<div class=\"elementor-column elementor-col-50 elementor-top-column elementor-element elementor-element-8cfc96e\" data-id=\"8cfc96e\" data-element_type=\"column\">\n\t\t\t<div class=\"elementor-widget-wrap elementor-element-populated\">\n\t\t\t\t\t\t\t\t<div class=\"elementor-element elementor-element-6df30a8 elementor-widget elementor-widget-image\" data-id=\"6df30a8\" data-element_type=\"widget\" data-widget_type=\"image.default\">\n\t\t\t\t<div class=\"elementor-widget-container\">\n\t\t\t<style>\/*! elementor - v3.16.0 - 14-09-2023 *\/\n.elementor-widget-image{text-align:center}.elementor-widget-image a{display:inline-block}.elementor-widget-image a img[src$=\".svg\"]{width:48px}.elementor-widget-image img{vertical-align:middle;display:inline-block}<\/style>\t\t\t\t\t\t\t\t\t\t\t\t<img loading=\"lazy\" decoding=\"async\" width=\"763\" height=\"1020\" src=\"http:\/\/www.duzeyboya.com\/wp-content\/uploads\/2023\/08\/IMG_20210707_124006.jpg\" class=\"attachment-large size-large wp-image-463\" alt=\"\" srcset=\"http:\/\/www.duzeyboya.com\/wp-content\/uploads\/2023\/08\/IMG_20210707_124006.jpg 763w, http:\/\/www.duzeyboya.com\/wp-content\/uploads\/2023\/08\/IMG_20210707_124006-600x802.jpg 600w, http:\/\/www.duzeyboya.com\/wp-content\/uploads\/2023\/08\/IMG_20210707_124006-224x300.jpg 224w\" sizes=\"auto, (max-width: 763px) 100vw, 763px\" \/>\t\t\t\t\t\t\t\t\t\t\t\t\t\t\t<\/div>\n\t\t\t\t<\/div>\n\t\t\t\t\t<\/div>\n\t\t<\/div>\n\t\t\t\t<div class=\"elementor-column elementor-col-50 elementor-top-column elementor-element elementor-element-b98840b\" data-id=\"b98840b\" data-element_type=\"column\">\n\t\t\t<div class=\"elementor-widget-wrap elementor-element-populated\">\n\t\t\t\t\t\t\t\t<div class=\"elementor-element elementor-element-20e64eb elementor-widget elementor-widget-heading\" data-id=\"20e64eb\" data-element_type=\"widget\" data-widget_type=\"heading.default\">\n\t\t\t\t<div class=\"elementor-widget-container\">\n\t\t\t<style>\/*! elementor - v3.16.0 - 14-09-2023 *\/\n.elementor-heading-title{padding:0;margin:0;line-height:1}.elementor-widget-heading .elementor-heading-title[class*=elementor-size-]>a{color:inherit;font-size:inherit;line-height:inherit}.elementor-widget-heading .elementor-heading-title.elementor-size-small{font-size:15px}.elementor-widget-heading .elementor-heading-title.elementor-size-medium{font-size:19px}.elementor-widget-heading .elementor-heading-title.elementor-size-large{font-size:29px}.elementor-widget-heading .elementor-heading-title.elementor-size-xl{font-size:39px}.elementor-widget-heading .elementor-heading-title.elementor-size-xxl{font-size:59px}<\/style><h2 class=\"elementor-heading-title elementor-size-default\"><strong>D\u00dcZEY BOYA&nbsp;<\/strong><\/h2>\t\t<\/div>\n\t\t\t\t<\/div>\n\t\t\t\t<div class=\"elementor-element elementor-element-6498acd5 elementor-widget elementor-widget-text-editor\" data-id=\"6498acd5\" data-element_type=\"widget\" data-widget_type=\"text-editor.default\">\n\t\t\t\t<div class=\"elementor-widget-container\">\n\t\t\t<style>\/*! elementor - v3.16.0 - 14-09-2023 *\/\n.elementor-widget-text-editor.elementor-drop-cap-view-stacked .elementor-drop-cap{background-color:#69727d;color:#fff}.elementor-widget-text-editor.elementor-drop-cap-view-framed .elementor-drop-cap{color:#69727d;border:3px solid;background-color:transparent}.elementor-widget-text-editor:not(.elementor-drop-cap-view-default) .elementor-drop-cap{margin-top:8px}.elementor-widget-text-editor:not(.elementor-drop-cap-view-default) .elementor-drop-cap-letter{width:1em;height:1em}.elementor-widget-text-editor .elementor-drop-cap{float:left;text-align:center;line-height:1;font-size:50px}.elementor-widget-text-editor .elementor-drop-cap-letter{display:inline-block}<\/style>\t\t\t\t<!-- wp:paragraph -->\n<p><strong>D\u00fczey Ah\u015fap Transfer Kaplama , Elektrostatik Toz Boya ve Metal Sanayi<\/strong><\/p>\n<p>Firmam\u0131z\u0131n\u00a0\u00fcr\u00fcn ve hizmet kalitesinin belirleyici \u00f6\u011feleri uzmanl\u0131k, deneyim, d\u00fcr\u00fcstl\u00fck, \u015feffafl\u0131k, g\u00fc\u00e7l\u00fc sermaye yap\u0131s\u0131, k\u00f6kl\u00fc ge\u00e7mi\u015f, teknolojik alt yap\u0131 ve mevzuat bilgisidir. Firman\u0131z b\u00fcnyesinde bulundurdu\u011fu uzman ve deneyimli kadrolar\u0131 g\u00fc\u00e7l\u00fc teknolojik ve finansal alt yap\u0131s\u0131, s\u00fcrekli geli\u015fme ve iyile\u015ftirme anlay\u0131\u015f\u0131, deneyimli ve yayg\u0131n acente a\u011f\u0131yla kaliteli \u00fcr\u00fcn ve hizmet sunmay\u0131 ve bunlar\u0131n s\u00fcreklili\u011fini sa\u011flamay\u0131 taahh\u00fct eder.<\/p>\n<p>D\u00fczey Ah\u015fap Transfer Kaplama , Elektrostatik Toz Boya ve Metal Sanayi;\u00a0Kalite s\u00fcreklili\u011fini sa\u011flamak,\u00a0etkinli\u011fi ve verimlili\u011fi artt\u0131rmak\u00a0amac\u0131yla m\u00fc\u015fterilerimiz ve bizimle \u00e7al\u0131\u015fan\u00a0kalite y\u00f6netim sisteminin geli\u015fmesi ve s\u00fcrekli k\u0131l\u0131nmas\u0131\u00a0i\u00e7in gereken t\u00fcm deste\u011fi ve kaynaklar\u0131 sa\u011flar.<\/p>\n<!-- \/wp:paragraph -->\t\t\t\t\t\t<\/div>\n\t\t\t\t<\/div>\n\t\t\t\t\t<\/div>\n\t\t<\/div>\n\t\t\t\t\t\t\t<\/div>\n\t\t<\/section>\n\t\t\t\t<section class=\"elementor-section elementor-top-section elementor-element elementor-element-4fb1a53b elementor-section-boxed elementor-section-height-default elementor-section-height-default\" data-id=\"4fb1a53b\" data-element_type=\"section\">\n\t\t\t\t\t\t<div class=\"elementor-container elementor-column-gap-default\">\n\t\t\t\t\t<div class=\"elementor-column elementor-col-100 elementor-top-column elementor-element elementor-element-130563d5\" data-id=\"130563d5\" data-element_type=\"column\">\n\t\t\t<div class=\"elementor-widget-wrap\">\n\t\t\t\t\t\t\t\t\t<\/div>\n\t\t<\/div>\n\t\t\t\t\t\t\t<\/div>\n\t\t<\/section>\n\t\t\t\t\t\t\t<\/div>\n\t\t","protected":false},"excerpt":{"rendered":"<p>D\u00dcZEY BOYA&nbsp; D\u00fczey Ah\u015fap Transfer Kaplama , Elektrostatik Toz Boya ve Metal Sanayi Firmam\u0131z\u0131n\u00a0\u00fcr\u00fcn ve hizmet kalitesinin belirleyici \u00f6\u011feleri uzmanl\u0131k, deneyim, d\u00fcr\u00fcstl\u00fck, \u015feffafl\u0131k, g\u00fc\u00e7l\u00fc sermaye yap\u0131s\u0131, k\u00f6kl\u00fc ge\u00e7mi\u015f, teknolojik alt yap\u0131 ve mevzuat bilgisidir. Firman\u0131z b\u00fcnyesinde bulundurdu\u011fu uzman ve deneyimli kadrolar\u0131 g\u00fc\u00e7l\u00fc teknolojik ve finansal alt yap\u0131s\u0131, s\u00fcrekli geli\u015fme ve iyile\u015ftirme anlay\u0131\u015f\u0131, deneyimli ve yayg\u0131n&#8230;<\/p>\n","protected":false},"author":2,"featured_media":0,"parent":0,"menu_order":0,"comment_status":"closed","ping_status":"closed","template":"","meta":{"om_disable_all_campaigns":false,"_monsterinsights_skip_tracking":false,"_monsterinsights_sitenote_active":false,"_monsterinsights_sitenote_note":"","_monsterinsights_sitenote_category":0,"footnotes":""},"class_list":["post-2","page","type-page","status-publish","hentry"],"yoast_head":"<!-- This site is optimized with the Yoast SEO plugin v21.1 - https:\/\/yoast.com\/wordpress\/plugins\/seo\/ -->\n<title>Kalite Politikam\u0131z - Duzey Boya<\/title>\n<meta name=\"robots\" content=\"index, follow, max-snippet:-1, max-image-preview:large, max-video-preview:-1\" \/>\n<link rel=\"canonical\" href=\"http:\/\/www.duzeyboya.com\/index.php\/kalite-politikamiz\/\" \/>\n<meta property=\"og:locale\" content=\"tr_TR\" \/>\n<meta property=\"og:type\" content=\"article\" \/>\n<meta property=\"og:title\" content=\"Kalite Politikam\u0131z - Duzey Boya\" \/>\n<meta property=\"og:description\" content=\"D\u00dcZEY BOYA&nbsp; D\u00fczey Ah\u015fap Transfer Kaplama , Elektrostatik Toz Boya ve Metal Sanayi Firmam\u0131z\u0131n\u00a0\u00fcr\u00fcn ve hizmet kalitesinin belirleyici \u00f6\u011feleri uzmanl\u0131k, deneyim, d\u00fcr\u00fcstl\u00fck, \u015feffafl\u0131k, g\u00fc\u00e7l\u00fc sermaye yap\u0131s\u0131, k\u00f6kl\u00fc ge\u00e7mi\u015f, teknolojik alt yap\u0131 ve mevzuat bilgisidir. Firman\u0131z b\u00fcnyesinde bulundurdu\u011fu uzman ve deneyimli kadrolar\u0131 g\u00fc\u00e7l\u00fc teknolojik ve finansal alt yap\u0131s\u0131, s\u00fcrekli geli\u015fme ve iyile\u015ftirme anlay\u0131\u015f\u0131, deneyimli ve yayg\u0131n...\" \/>\n<meta property=\"og:url\" content=\"http:\/\/www.duzeyboya.com\/index.php\/kalite-politikamiz\/\" \/>\n<meta property=\"og:site_name\" content=\"Duzey Boya\" \/>\n<meta property=\"article:modified_time\" content=\"2023-08-11T06:34:12+00:00\" \/>\n<meta property=\"og:image\" content=\"http:\/\/www.duzeyboya.com\/wp-content\/uploads\/2023\/08\/IMG_20210707_124006.jpg\" \/>\n<meta name=\"twitter:card\" content=\"summary_large_image\" \/>\n<meta name=\"twitter:label1\" content=\"Tahmini okuma s\u00fcresi\" \/>\n\t<meta name=\"twitter:data1\" content=\"1 dakika\" \/>\n<script type=\"application\/ld+json\" class=\"yoast-schema-graph\">{\"@context\":\"https:\/\/schema.org\",\"@graph\":[{\"@type\":\"WebPage\",\"@id\":\"http:\/\/www.duzeyboya.com\/index.php\/kalite-politikamiz\/\",\"url\":\"http:\/\/www.duzeyboya.com\/index.php\/kalite-politikamiz\/\",\"name\":\"Kalite Politikam\u0131z - Duzey Boya\",\"isPartOf\":{\"@id\":\"http:\/\/www.duzeyboya.com\/#website\"},\"datePublished\":\"2023-07-26T12:34:06+00:00\",\"dateModified\":\"2023-08-11T06:34:12+00:00\",\"breadcrumb\":{\"@id\":\"http:\/\/www.duzeyboya.com\/index.php\/kalite-politikamiz\/#breadcrumb\"},\"inLanguage\":\"tr\",\"potentialAction\":[{\"@type\":\"ReadAction\",\"target\":[\"http:\/\/www.duzeyboya.com\/index.php\/kalite-politikamiz\/\"]}]},{\"@type\":\"BreadcrumbList\",\"@id\":\"http:\/\/www.duzeyboya.com\/index.php\/kalite-politikamiz\/#breadcrumb\",\"itemListElement\":[{\"@type\":\"ListItem\",\"position\":1,\"name\":\"Anasayfa\",\"item\":\"http:\/\/www.duzeyboya.com\/\"},{\"@type\":\"ListItem\",\"position\":2,\"name\":\"Kalite Politikam\u0131z\"}]},{\"@type\":\"WebSite\",\"@id\":\"http:\/\/www.duzeyboya.com\/#website\",\"url\":\"http:\/\/www.duzeyboya.com\/\",\"name\":\"Duzey Boya\",\"description\":\"Ah\u015fap Transfer Kaplama\",\"publisher\":{\"@id\":\"http:\/\/www.duzeyboya.com\/#organization\"},\"potentialAction\":[{\"@type\":\"SearchAction\",\"target\":{\"@type\":\"EntryPoint\",\"urlTemplate\":\"http:\/\/www.duzeyboya.com\/?s={search_term_string}\"},\"query-input\":\"required name=search_term_string\"}],\"inLanguage\":\"tr\"},{\"@type\":\"Organization\",\"@id\":\"http:\/\/www.duzeyboya.com\/#organization\",\"name\":\"Duzey Boya\",\"url\":\"http:\/\/www.duzeyboya.com\/\",\"logo\":{\"@type\":\"ImageObject\",\"inLanguage\":\"tr\",\"@id\":\"http:\/\/www.duzeyboya.com\/#\/schema\/logo\/image\/\",\"url\":\"http:\/\/www.duzeyboya.com\/wp-content\/uploads\/2023\/08\/192-elektrostatik-toz-boya-duzey-boya-ve-metal-sanayi-logo.png\",\"contentUrl\":\"http:\/\/www.duzeyboya.com\/wp-content\/uploads\/2023\/08\/192-elektrostatik-toz-boya-duzey-boya-ve-metal-sanayi-logo.png\",\"width\":286,\"height\":113,\"caption\":\"Duzey Boya\"},\"image\":{\"@id\":\"http:\/\/www.duzeyboya.com\/#\/schema\/logo\/image\/\"}}]}<\/script>\n<!-- \/ Yoast SEO plugin. -->","yoast_head_json":{"title":"Kalite Politikam\u0131z - Duzey Boya","robots":{"index":"index","follow":"follow","max-snippet":"max-snippet:-1","max-image-preview":"max-image-preview:large","max-video-preview":"max-video-preview:-1"},"canonical":"http:\/\/www.duzeyboya.com\/index.php\/kalite-politikamiz\/","og_locale":"tr_TR","og_type":"article","og_title":"Kalite Politikam\u0131z - Duzey Boya","og_description":"D\u00dcZEY BOYA&nbsp; D\u00fczey Ah\u015fap Transfer Kaplama , Elektrostatik Toz Boya ve Metal Sanayi Firmam\u0131z\u0131n\u00a0\u00fcr\u00fcn ve hizmet kalitesinin belirleyici \u00f6\u011feleri uzmanl\u0131k, deneyim, d\u00fcr\u00fcstl\u00fck, \u015feffafl\u0131k, g\u00fc\u00e7l\u00fc sermaye yap\u0131s\u0131, k\u00f6kl\u00fc ge\u00e7mi\u015f, teknolojik alt yap\u0131 ve mevzuat bilgisidir. Firman\u0131z b\u00fcnyesinde bulundurdu\u011fu uzman ve deneyimli kadrolar\u0131 g\u00fc\u00e7l\u00fc teknolojik ve finansal alt yap\u0131s\u0131, s\u00fcrekli geli\u015fme ve iyile\u015ftirme anlay\u0131\u015f\u0131, deneyimli ve yayg\u0131n...","og_url":"http:\/\/www.duzeyboya.com\/index.php\/kalite-politikamiz\/","og_site_name":"Duzey Boya","article_modified_time":"2023-08-11T06:34:12+00:00","og_image":[{"url":"http:\/\/www.duzeyboya.com\/wp-content\/uploads\/2023\/08\/IMG_20210707_124006.jpg"}],"twitter_card":"summary_large_image","twitter_misc":{"Tahmini okuma s\u00fcresi":"1 dakika"},"schema":{"@context":"https:\/\/schema.org","@graph":[{"@type":"WebPage","@id":"http:\/\/www.duzeyboya.com\/index.php\/kalite-politikamiz\/","url":"http:\/\/www.duzeyboya.com\/index.php\/kalite-politikamiz\/","name":"Kalite Politikam\u0131z - Duzey Boya","isPartOf":{"@id":"http:\/\/www.duzeyboya.com\/#website"},"datePublished":"2023-07-26T12:34:06+00:00","dateModified":"2023-08-11T06:34:12+00:00","breadcrumb":{"@id":"http:\/\/www.duzeyboya.com\/index.php\/kalite-politikamiz\/#breadcrumb"},"inLanguage":"tr","potentialAction":[{"@type":"ReadAction","target":["http:\/\/www.duzeyboya.com\/index.php\/kalite-politikamiz\/"]}]},{"@type":"BreadcrumbList","@id":"http:\/\/www.duzeyboya.com\/index.php\/kalite-politikamiz\/#breadcrumb","itemListElement":[{"@type":"ListItem","position":1,"name":"Anasayfa","item":"http:\/\/www.duzeyboya.com\/"},{"@type":"ListItem","position":2,"name":"Kalite Politikam\u0131z"}]},{"@type":"WebSite","@id":"http:\/\/www.duzeyboya.com\/#website","url":"http:\/\/www.duzeyboya.com\/","name":"Duzey Boya","description":"Ah\u015fap Transfer Kaplama","publisher":{"@id":"http:\/\/www.duzeyboya.com\/#organization"},"potentialAction":[{"@type":"SearchAction","target":{"@type":"EntryPoint","urlTemplate":"http:\/\/www.duzeyboya.com\/?s={search_term_string}"},"query-input":"required name=search_term_string"}],"inLanguage":"tr"},{"@type":"Organization","@id":"http:\/\/www.duzeyboya.com\/#organization","name":"Duzey Boya","url":"http:\/\/www.duzeyboya.com\/","logo":{"@type":"ImageObject","inLanguage":"tr","@id":"http:\/\/www.duzeyboya.com\/#\/schema\/logo\/image\/","url":"http:\/\/www.duzeyboya.com\/wp-content\/uploads\/2023\/08\/192-elektrostatik-toz-boya-duzey-boya-ve-metal-sanayi-logo.png","contentUrl":"http:\/\/www.duzeyboya.com\/wp-content\/uploads\/2023\/08\/192-elektrostatik-toz-boya-duzey-boya-ve-metal-sanayi-logo.png","width":286,"height":113,"caption":"Duzey Boya"},"image":{"@id":"http:\/\/www.duzeyboya.com\/#\/schema\/logo\/image\/"}}]}},"_links":{"self":[{"href":"http:\/\/www.duzeyboya.com\/index.php\/wp-json\/wp\/v2\/pages\/2","targetHints":{"allow":["GET"]}}],"collection":[{"href":"http:\/\/www.duzeyboya.com\/index.php\/wp-json\/wp\/v2\/pages"}],"about":[{"href":"http:\/\/www.duzeyboya.com\/index.php\/wp-json\/wp\/v2\/types\/page"}],"author":[{"embeddable":true,"href":"http:\/\/www.duzeyboya.com\/index.php\/wp-json\/wp\/v2\/users\/2"}],"replies":[{"embeddable":true,"href":"http:\/\/www.duzeyboya.com\/index.php\/wp-json\/wp\/v2\/comments?post=2"}],"version-history":[{"count":4,"href":"http:\/\/www.duzeyboya.com\/index.php\/wp-json\/wp\/v2\/pages\/2\/revisions"}],"predecessor-version":[{"id":466,"href":"http:\/\/www.duzeyboya.com\/index.php\/wp-json\/wp\/v2\/pages\/2\/revisions\/466"}],"wp:attachment":[{"href":"http:\/\/www.duzeyboya.com\/index.php\/wp-json\/wp\/v2\/media?parent=2"}],"curies":[{"name":"wp","href":"https:\/\/api.w.org\/{rel}","templated":true}]}}