{"id":467,"date":"2023-08-11T09:48:16","date_gmt":"2023-08-11T06:48:16","guid":{"rendered":"http:\/\/www.duzeyboya.com\/?page_id=467"},"modified":"2023-08-11T10:06:53","modified_gmt":"2023-08-11T07:06:53","slug":"misyon-vizyon","status":"publish","type":"page","link":"http:\/\/www.duzeyboya.com\/index.php\/misyon-vizyon\/","title":{"rendered":"Misyon-Vizyon"},"content":{"rendered":"\t\t<div data-elementor-type=\"wp-page\" data-elementor-id=\"467\" class=\"elementor elementor-467\">\n\t\t\t\t\t\t\t\t\t<section class=\"elementor-section elementor-top-section elementor-element elementor-element-2c6c56a elementor-section-boxed elementor-section-height-default elementor-section-height-default\" data-id=\"2c6c56a\" data-element_type=\"section\">\n\t\t\t\t\t\t<div class=\"elementor-container elementor-column-gap-default\">\n\t\t\t\t\t<div class=\"elementor-column elementor-col-50 elementor-top-column elementor-element elementor-element-8cfc96e\" data-id=\"8cfc96e\" data-element_type=\"column\">\n\t\t\t<div class=\"elementor-widget-wrap elementor-element-populated\">\n\t\t\t\t\t\t\t\t<div class=\"elementor-element elementor-element-6df30a8 elementor-widget elementor-widget-image\" data-id=\"6df30a8\" data-element_type=\"widget\" data-widget_type=\"image.default\">\n\t\t\t\t<div class=\"elementor-widget-container\">\n\t\t\t<style>\/*! elementor - v3.16.0 - 14-09-2023 *\/\n.elementor-widget-image{text-align:center}.elementor-widget-image a{display:inline-block}.elementor-widget-image a img[src$=\".svg\"]{width:48px}.elementor-widget-image img{vertical-align:middle;display:inline-block}<\/style>\t\t\t\t\t\t\t\t\t\t\t\t<img loading=\"lazy\" decoding=\"async\" width=\"400\" height=\"749\" src=\"http:\/\/www.duzeyboya.com\/wp-content\/uploads\/2023\/08\/misyon.jpg\" class=\"attachment-large size-large wp-image-470\" alt=\"\" srcset=\"http:\/\/www.duzeyboya.com\/wp-content\/uploads\/2023\/08\/misyon.jpg 400w, http:\/\/www.duzeyboya.com\/wp-content\/uploads\/2023\/08\/misyon-160x300.jpg 160w\" sizes=\"auto, (max-width: 400px) 100vw, 400px\" \/>\t\t\t\t\t\t\t\t\t\t\t\t\t\t\t<\/div>\n\t\t\t\t<\/div>\n\t\t\t\t\t<\/div>\n\t\t<\/div>\n\t\t\t\t<div class=\"elementor-column elementor-col-50 elementor-top-column elementor-element elementor-element-b98840b\" data-id=\"b98840b\" data-element_type=\"column\">\n\t\t\t<div class=\"elementor-widget-wrap elementor-element-populated\">\n\t\t\t\t\t\t\t\t<div class=\"elementor-element elementor-element-20e64eb elementor-widget elementor-widget-heading\" data-id=\"20e64eb\" data-element_type=\"widget\" data-widget_type=\"heading.default\">\n\t\t\t\t<div class=\"elementor-widget-container\">\n\t\t\t<style>\/*! elementor - v3.16.0 - 14-09-2023 *\/\n.elementor-heading-title{padding:0;margin:0;line-height:1}.elementor-widget-heading .elementor-heading-title[class*=elementor-size-]>a{color:inherit;font-size:inherit;line-height:inherit}.elementor-widget-heading .elementor-heading-title.elementor-size-small{font-size:15px}.elementor-widget-heading .elementor-heading-title.elementor-size-medium{font-size:19px}.elementor-widget-heading .elementor-heading-title.elementor-size-large{font-size:29px}.elementor-widget-heading .elementor-heading-title.elementor-size-xl{font-size:39px}.elementor-widget-heading .elementor-heading-title.elementor-size-xxl{font-size:59px}<\/style><h2 class=\"elementor-heading-title elementor-size-default\"><strong>D\u00dcZEY BOYA&nbsp;<\/strong><\/h2>\t\t<\/div>\n\t\t\t\t<\/div>\n\t\t\t\t<div class=\"elementor-element elementor-element-6498acd5 elementor-widget elementor-widget-text-editor\" data-id=\"6498acd5\" data-element_type=\"widget\" data-widget_type=\"text-editor.default\">\n\t\t\t\t<div class=\"elementor-widget-container\">\n\t\t\t<style>\/*! elementor - v3.16.0 - 14-09-2023 *\/\n.elementor-widget-text-editor.elementor-drop-cap-view-stacked .elementor-drop-cap{background-color:#69727d;color:#fff}.elementor-widget-text-editor.elementor-drop-cap-view-framed .elementor-drop-cap{color:#69727d;border:3px solid;background-color:transparent}.elementor-widget-text-editor:not(.elementor-drop-cap-view-default) .elementor-drop-cap{margin-top:8px}.elementor-widget-text-editor:not(.elementor-drop-cap-view-default) .elementor-drop-cap-letter{width:1em;height:1em}.elementor-widget-text-editor .elementor-drop-cap{float:left;text-align:center;line-height:1;font-size:50px}.elementor-widget-text-editor .elementor-drop-cap-letter{display:inline-block}<\/style>\t\t\t\t<p><strong>V\u0130ZYONUMUZ<\/strong><\/p>\n<ul>\n<li>Kuruldu\u011fumuz ilk g\u00fcnden itibaren s\u00fcrekli geli\u015fmeyi, b\u00fcy\u00fcmeyi ve payla\u015fmay\u0131 temel ilke olarak benimsemek,<\/li>\n<li>Sekt\u00f6r\u00fcnde yeni fikirleri hayata ge\u00e7irme konusunda her zaman \u00f6nc\u00fc olmak,<\/li>\n<li>Faaliyet g\u00f6sterdi\u011fi sekt\u00f6r\u00fcnde, elde etti\u011fi konumu \u00e7ok daha \u00fcst seviyelere ta\u015f\u0131mak,<\/li>\n<li>Sundu\u011fu kalite ve hizmet ile \u00f6rnek olmak,<\/li>\n<li>M\u00fc\u015fterileri, tedarik\u00e7ileri ve di\u011fer i\u015f ortaklar\u0131 ve tam donan\u0131ml\u0131 kadrosu ile<br \/>Sekt\u00f6rde lider firma konumuna yerle\u015fmek,<\/li>\n<\/ul>\n<p><strong>M\u0130SYONUMUZ<\/strong><\/p>\n<ul>\n<li>Sundu\u011fumuz hizmet ve \u00fcr\u00fcnler sayesinde, \u00e7al\u0131\u015fanlar\u0131m\u0131z\u0131n ve m\u00fc\u015fterilerimizin, kendini farkl\u0131 hissetmesini, heyecan duymas\u0131n\u0131, kendine g\u00fcvenmesini ve hayat\u0131n her an\u0131n\u0131 keyifle ya\u015famas\u0131n\u0131 sa\u011flamak,<\/li>\n<li>Kat\u0131l\u0131mc\u0131, adil ve demokratik bir y\u00f6netimle, kurumsalla\u015fman\u0131n gereklili\u011fini kavram\u0131\u015f, \u00f6\u011frenen ve ele\u015ftiriye a\u00e7\u0131k bir organizasyona sahip olmak,<\/li>\n<li>Huzurlu bir \u00e7al\u0131\u015fma ortam\u0131 olu\u015fturarak, tak\u0131m ruhunu desteklemek, \u00e7al\u0131\u015fanlar aras\u0131nda sinerjiyi yaratmak ve art\u0131rmak,<\/li>\n<li>M\u00fc\u015fterilerimiz i\u00e7in de\u011fer yaratmak, beklentilerine kalite ve istikrarla kar\u015f\u0131l\u0131k vermek,<\/li>\n<li>\u00dcr\u00fcn ve hizmetlerimizi en do\u011fru \u015fekilde sunmak,<\/li>\n<li>Vermi\u015f oldu\u011fumuz hizmet sonucu sat\u0131\u015f sonras\u0131nda da m\u00fc\u015fterilerimizin yan\u0131nda olmak,<\/li>\n<li>M\u00fc\u015fteri odakl\u0131 \u00e7al\u0131\u015farak, pazar\u0131n talep ve beklentilerini tespit etmek, yeni yol haritalar\u0131 haz\u0131rlamak,<\/li>\n<li>Sayg\u0131n, istikrarl\u0131, g\u00fc\u00e7l\u00fc, d\u00fcr\u00fcst ve g\u00fcvenilir bir kurum olmak,<\/li>\n<li>Sonuca odaklanarak, \u00fcr\u00fcn ve hizmette kaliteden asla \u00f6d\u00fcn vermemek.<\/li>\n<\/ul>\t\t\t\t\t\t<\/div>\n\t\t\t\t<\/div>\n\t\t\t\t\t<\/div>\n\t\t<\/div>\n\t\t\t\t\t\t\t<\/div>\n\t\t<\/section>\n\t\t\t\t\t\t\t<\/div>\n\t\t","protected":false},"excerpt":{"rendered":"<p>D\u00dcZEY BOYA&nbsp; V\u0130ZYONUMUZ Kuruldu\u011fumuz ilk g\u00fcnden itibaren s\u00fcrekli geli\u015fmeyi, b\u00fcy\u00fcmeyi ve payla\u015fmay\u0131 temel ilke olarak benimsemek, Sekt\u00f6r\u00fcnde yeni fikirleri hayata ge\u00e7irme konusunda her zaman \u00f6nc\u00fc olmak, Faaliyet g\u00f6sterdi\u011fi sekt\u00f6r\u00fcnde, elde etti\u011fi konumu \u00e7ok daha \u00fcst seviyelere ta\u015f\u0131mak, Sundu\u011fu kalite ve hizmet ile \u00f6rnek olmak, M\u00fc\u015fterileri, tedarik\u00e7ileri ve di\u011fer i\u015f ortaklar\u0131 ve tam donan\u0131ml\u0131 kadrosu ileSekt\u00f6rde&#8230;<\/p>\n","protected":false},"author":2,"featured_media":0,"parent":0,"menu_order":0,"comment_status":"closed","ping_status":"closed","template":"","meta":{"om_disable_all_campaigns":false,"_monsterinsights_skip_tracking":false,"_monsterinsights_sitenote_active":false,"_monsterinsights_sitenote_note":"","_monsterinsights_sitenote_category":0,"footnotes":""},"class_list":["post-467","page","type-page","status-publish","hentry"],"yoast_head":"<!-- This site is optimized with the Yoast SEO plugin v21.1 - https:\/\/yoast.com\/wordpress\/plugins\/seo\/ -->\n<title>Misyon-Vizyon - Duzey Boya<\/title>\n<meta name=\"robots\" content=\"index, follow, max-snippet:-1, max-image-preview:large, max-video-preview:-1\" \/>\n<link rel=\"canonical\" href=\"http:\/\/www.duzeyboya.com\/index.php\/misyon-vizyon\/\" \/>\n<meta property=\"og:locale\" content=\"tr_TR\" \/>\n<meta property=\"og:type\" content=\"article\" \/>\n<meta property=\"og:title\" content=\"Misyon-Vizyon - Duzey Boya\" \/>\n<meta property=\"og:description\" content=\"D\u00dcZEY BOYA&nbsp; V\u0130ZYONUMUZ Kuruldu\u011fumuz ilk g\u00fcnden itibaren s\u00fcrekli geli\u015fmeyi, b\u00fcy\u00fcmeyi ve payla\u015fmay\u0131 temel ilke olarak benimsemek, Sekt\u00f6r\u00fcnde yeni fikirleri hayata ge\u00e7irme konusunda her zaman \u00f6nc\u00fc olmak, Faaliyet g\u00f6sterdi\u011fi sekt\u00f6r\u00fcnde, elde etti\u011fi konumu \u00e7ok daha \u00fcst seviyelere ta\u015f\u0131mak, Sundu\u011fu kalite ve hizmet ile \u00f6rnek olmak, M\u00fc\u015fterileri, tedarik\u00e7ileri ve di\u011fer i\u015f ortaklar\u0131 ve tam donan\u0131ml\u0131 kadrosu ileSekt\u00f6rde...\" \/>\n<meta property=\"og:url\" content=\"http:\/\/www.duzeyboya.com\/index.php\/misyon-vizyon\/\" \/>\n<meta property=\"og:site_name\" content=\"Duzey Boya\" \/>\n<meta property=\"article:modified_time\" content=\"2023-08-11T07:06:53+00:00\" \/>\n<meta property=\"og:image\" content=\"http:\/\/www.duzeyboya.com\/wp-content\/uploads\/2023\/08\/misyon.jpg\" \/>\n<meta name=\"twitter:card\" content=\"summary_large_image\" \/>\n<meta name=\"twitter:label1\" content=\"Tahmini okuma s\u00fcresi\" \/>\n\t<meta name=\"twitter:data1\" content=\"2 dakika\" \/>\n<script type=\"application\/ld+json\" class=\"yoast-schema-graph\">{\"@context\":\"https:\/\/schema.org\",\"@graph\":[{\"@type\":\"WebPage\",\"@id\":\"http:\/\/www.duzeyboya.com\/index.php\/misyon-vizyon\/\",\"url\":\"http:\/\/www.duzeyboya.com\/index.php\/misyon-vizyon\/\",\"name\":\"Misyon-Vizyon - Duzey Boya\",\"isPartOf\":{\"@id\":\"http:\/\/www.duzeyboya.com\/#website\"},\"datePublished\":\"2023-08-11T06:48:16+00:00\",\"dateModified\":\"2023-08-11T07:06:53+00:00\",\"breadcrumb\":{\"@id\":\"http:\/\/www.duzeyboya.com\/index.php\/misyon-vizyon\/#breadcrumb\"},\"inLanguage\":\"tr\",\"potentialAction\":[{\"@type\":\"ReadAction\",\"target\":[\"http:\/\/www.duzeyboya.com\/index.php\/misyon-vizyon\/\"]}]},{\"@type\":\"BreadcrumbList\",\"@id\":\"http:\/\/www.duzeyboya.com\/index.php\/misyon-vizyon\/#breadcrumb\",\"itemListElement\":[{\"@type\":\"ListItem\",\"position\":1,\"name\":\"Anasayfa\",\"item\":\"http:\/\/www.duzeyboya.com\/\"},{\"@type\":\"ListItem\",\"position\":2,\"name\":\"Misyon-Vizyon\"}]},{\"@type\":\"WebSite\",\"@id\":\"http:\/\/www.duzeyboya.com\/#website\",\"url\":\"http:\/\/www.duzeyboya.com\/\",\"name\":\"Duzey Boya\",\"description\":\"Ah\u015fap Transfer Kaplama\",\"publisher\":{\"@id\":\"http:\/\/www.duzeyboya.com\/#organization\"},\"potentialAction\":[{\"@type\":\"SearchAction\",\"target\":{\"@type\":\"EntryPoint\",\"urlTemplate\":\"http:\/\/www.duzeyboya.com\/?s={search_term_string}\"},\"query-input\":\"required name=search_term_string\"}],\"inLanguage\":\"tr\"},{\"@type\":\"Organization\",\"@id\":\"http:\/\/www.duzeyboya.com\/#organization\",\"name\":\"Duzey Boya\",\"url\":\"http:\/\/www.duzeyboya.com\/\",\"logo\":{\"@type\":\"ImageObject\",\"inLanguage\":\"tr\",\"@id\":\"http:\/\/www.duzeyboya.com\/#\/schema\/logo\/image\/\",\"url\":\"http:\/\/www.duzeyboya.com\/wp-content\/uploads\/2023\/08\/192-elektrostatik-toz-boya-duzey-boya-ve-metal-sanayi-logo.png\",\"contentUrl\":\"http:\/\/www.duzeyboya.com\/wp-content\/uploads\/2023\/08\/192-elektrostatik-toz-boya-duzey-boya-ve-metal-sanayi-logo.png\",\"width\":286,\"height\":113,\"caption\":\"Duzey Boya\"},\"image\":{\"@id\":\"http:\/\/www.duzeyboya.com\/#\/schema\/logo\/image\/\"}}]}<\/script>\n<!-- \/ Yoast SEO plugin. -->","yoast_head_json":{"title":"Misyon-Vizyon - Duzey Boya","robots":{"index":"index","follow":"follow","max-snippet":"max-snippet:-1","max-image-preview":"max-image-preview:large","max-video-preview":"max-video-preview:-1"},"canonical":"http:\/\/www.duzeyboya.com\/index.php\/misyon-vizyon\/","og_locale":"tr_TR","og_type":"article","og_title":"Misyon-Vizyon - Duzey Boya","og_description":"D\u00dcZEY BOYA&nbsp; V\u0130ZYONUMUZ Kuruldu\u011fumuz ilk g\u00fcnden itibaren s\u00fcrekli geli\u015fmeyi, b\u00fcy\u00fcmeyi ve payla\u015fmay\u0131 temel ilke olarak benimsemek, Sekt\u00f6r\u00fcnde yeni fikirleri hayata ge\u00e7irme konusunda her zaman \u00f6nc\u00fc olmak, Faaliyet g\u00f6sterdi\u011fi sekt\u00f6r\u00fcnde, elde etti\u011fi konumu \u00e7ok daha \u00fcst seviyelere ta\u015f\u0131mak, Sundu\u011fu kalite ve hizmet ile \u00f6rnek olmak, M\u00fc\u015fterileri, tedarik\u00e7ileri ve di\u011fer i\u015f ortaklar\u0131 ve tam donan\u0131ml\u0131 kadrosu ileSekt\u00f6rde...","og_url":"http:\/\/www.duzeyboya.com\/index.php\/misyon-vizyon\/","og_site_name":"Duzey Boya","article_modified_time":"2023-08-11T07:06:53+00:00","og_image":[{"url":"http:\/\/www.duzeyboya.com\/wp-content\/uploads\/2023\/08\/misyon.jpg"}],"twitter_card":"summary_large_image","twitter_misc":{"Tahmini okuma s\u00fcresi":"2 dakika"},"schema":{"@context":"https:\/\/schema.org","@graph":[{"@type":"WebPage","@id":"http:\/\/www.duzeyboya.com\/index.php\/misyon-vizyon\/","url":"http:\/\/www.duzeyboya.com\/index.php\/misyon-vizyon\/","name":"Misyon-Vizyon - Duzey Boya","isPartOf":{"@id":"http:\/\/www.duzeyboya.com\/#website"},"datePublished":"2023-08-11T06:48:16+00:00","dateModified":"2023-08-11T07:06:53+00:00","breadcrumb":{"@id":"http:\/\/www.duzeyboya.com\/index.php\/misyon-vizyon\/#breadcrumb"},"inLanguage":"tr","potentialAction":[{"@type":"ReadAction","target":["http:\/\/www.duzeyboya.com\/index.php\/misyon-vizyon\/"]}]},{"@type":"BreadcrumbList","@id":"http:\/\/www.duzeyboya.com\/index.php\/misyon-vizyon\/#breadcrumb","itemListElement":[{"@type":"ListItem","position":1,"name":"Anasayfa","item":"http:\/\/www.duzeyboya.com\/"},{"@type":"ListItem","position":2,"name":"Misyon-Vizyon"}]},{"@type":"WebSite","@id":"http:\/\/www.duzeyboya.com\/#website","url":"http:\/\/www.duzeyboya.com\/","name":"Duzey Boya","description":"Ah\u015fap Transfer Kaplama","publisher":{"@id":"http:\/\/www.duzeyboya.com\/#organization"},"potentialAction":[{"@type":"SearchAction","target":{"@type":"EntryPoint","urlTemplate":"http:\/\/www.duzeyboya.com\/?s={search_term_string}"},"query-input":"required name=search_term_string"}],"inLanguage":"tr"},{"@type":"Organization","@id":"http:\/\/www.duzeyboya.com\/#organization","name":"Duzey Boya","url":"http:\/\/www.duzeyboya.com\/","logo":{"@type":"ImageObject","inLanguage":"tr","@id":"http:\/\/www.duzeyboya.com\/#\/schema\/logo\/image\/","url":"http:\/\/www.duzeyboya.com\/wp-content\/uploads\/2023\/08\/192-elektrostatik-toz-boya-duzey-boya-ve-metal-sanayi-logo.png","contentUrl":"http:\/\/www.duzeyboya.com\/wp-content\/uploads\/2023\/08\/192-elektrostatik-toz-boya-duzey-boya-ve-metal-sanayi-logo.png","width":286,"height":113,"caption":"Duzey Boya"},"image":{"@id":"http:\/\/www.duzeyboya.com\/#\/schema\/logo\/image\/"}}]}},"_links":{"self":[{"href":"http:\/\/www.duzeyboya.com\/index.php\/wp-json\/wp\/v2\/pages\/467","targetHints":{"allow":["GET"]}}],"collection":[{"href":"http:\/\/www.duzeyboya.com\/index.php\/wp-json\/wp\/v2\/pages"}],"about":[{"href":"http:\/\/www.duzeyboya.com\/index.php\/wp-json\/wp\/v2\/types\/page"}],"author":[{"embeddable":true,"href":"http:\/\/www.duzeyboya.com\/index.php\/wp-json\/wp\/v2\/users\/2"}],"replies":[{"embeddable":true,"href":"http:\/\/www.duzeyboya.com\/index.php\/wp-json\/wp\/v2\/comments?post=467"}],"version-history":[{"count":4,"href":"http:\/\/www.duzeyboya.com\/index.php\/wp-json\/wp\/v2\/pages\/467\/revisions"}],"predecessor-version":[{"id":473,"href":"http:\/\/www.duzeyboya.com\/index.php\/wp-json\/wp\/v2\/pages\/467\/revisions\/473"}],"wp:attachment":[{"href":"http:\/\/www.duzeyboya.com\/index.php\/wp-json\/wp\/v2\/media?parent=467"}],"curies":[{"name":"wp","href":"https:\/\/api.w.org\/{rel}","templated":true}]}}