{"id":476,"date":"2023-08-11T10:19:59","date_gmt":"2023-08-11T07:19:59","guid":{"rendered":"http:\/\/www.duzeyboya.com\/?page_id=476"},"modified":"2023-08-11T10:23:38","modified_gmt":"2023-08-11T07:23:38","slug":"insan-kaynaklari","status":"publish","type":"page","link":"http:\/\/www.duzeyboya.com\/index.php\/insan-kaynaklari\/","title":{"rendered":"\u0130nsan Kaynaklar\u0131"},"content":{"rendered":"\t\t<div data-elementor-type=\"wp-page\" data-elementor-id=\"476\" class=\"elementor elementor-476\">\n\t\t\t\t\t\t\t\t\t<section class=\"elementor-section elementor-top-section elementor-element elementor-element-2c6c56a elementor-section-boxed elementor-section-height-default elementor-section-height-default\" data-id=\"2c6c56a\" data-element_type=\"section\">\n\t\t\t\t\t\t<div class=\"elementor-container elementor-column-gap-default\">\n\t\t\t\t\t<div class=\"elementor-column elementor-col-50 elementor-top-column elementor-element elementor-element-8cfc96e\" data-id=\"8cfc96e\" data-element_type=\"column\">\n\t\t\t<div class=\"elementor-widget-wrap elementor-element-populated\">\n\t\t\t\t\t\t\t\t<div class=\"elementor-element elementor-element-6df30a8 elementor-widget elementor-widget-image\" data-id=\"6df30a8\" data-element_type=\"widget\" data-widget_type=\"image.default\">\n\t\t\t\t<div class=\"elementor-widget-container\">\n\t\t\t<style>\/*! elementor - v3.16.0 - 14-09-2023 *\/\n.elementor-widget-image{text-align:center}.elementor-widget-image a{display:inline-block}.elementor-widget-image a img[src$=\".svg\"]{width:48px}.elementor-widget-image img{vertical-align:middle;display:inline-block}<\/style>\t\t\t\t\t\t\t\t\t\t\t\t<img loading=\"lazy\" decoding=\"async\" width=\"1024\" height=\"745\" src=\"http:\/\/www.duzeyboya.com\/wp-content\/uploads\/2023\/08\/insan-kaynaklarc4b1-1024x745.jpg\" class=\"attachment-large size-large wp-image-479\" alt=\"\" srcset=\"http:\/\/www.duzeyboya.com\/wp-content\/uploads\/2023\/08\/insan-kaynaklarc4b1-1024x745.jpg 1024w, http:\/\/www.duzeyboya.com\/wp-content\/uploads\/2023\/08\/insan-kaynaklarc4b1-600x436.jpg 600w, http:\/\/www.duzeyboya.com\/wp-content\/uploads\/2023\/08\/insan-kaynaklarc4b1-300x218.jpg 300w, http:\/\/www.duzeyboya.com\/wp-content\/uploads\/2023\/08\/insan-kaynaklarc4b1-768x559.jpg 768w, http:\/\/www.duzeyboya.com\/wp-content\/uploads\/2023\/08\/insan-kaynaklarc4b1-1536x1117.jpg 1536w, http:\/\/www.duzeyboya.com\/wp-content\/uploads\/2023\/08\/insan-kaynaklarc4b1.jpg 1625w\" sizes=\"auto, (max-width: 1024px) 100vw, 1024px\" \/>\t\t\t\t\t\t\t\t\t\t\t\t\t\t\t<\/div>\n\t\t\t\t<\/div>\n\t\t\t\t\t<\/div>\n\t\t<\/div>\n\t\t\t\t<div class=\"elementor-column elementor-col-50 elementor-top-column elementor-element elementor-element-b98840b\" data-id=\"b98840b\" data-element_type=\"column\">\n\t\t\t<div class=\"elementor-widget-wrap elementor-element-populated\">\n\t\t\t\t\t\t\t\t<div class=\"elementor-element elementor-element-20e64eb elementor-widget elementor-widget-heading\" data-id=\"20e64eb\" data-element_type=\"widget\" data-widget_type=\"heading.default\">\n\t\t\t\t<div class=\"elementor-widget-container\">\n\t\t\t<style>\/*! elementor - v3.16.0 - 14-09-2023 *\/\n.elementor-heading-title{padding:0;margin:0;line-height:1}.elementor-widget-heading .elementor-heading-title[class*=elementor-size-]>a{color:inherit;font-size:inherit;line-height:inherit}.elementor-widget-heading .elementor-heading-title.elementor-size-small{font-size:15px}.elementor-widget-heading .elementor-heading-title.elementor-size-medium{font-size:19px}.elementor-widget-heading .elementor-heading-title.elementor-size-large{font-size:29px}.elementor-widget-heading .elementor-heading-title.elementor-size-xl{font-size:39px}.elementor-widget-heading .elementor-heading-title.elementor-size-xxl{font-size:59px}<\/style><h2 class=\"elementor-heading-title elementor-size-default\"><strong>\u0130nsan Kaynaklar\u0131<\/strong><\/h2>\t\t<\/div>\n\t\t\t\t<\/div>\n\t\t\t\t<div class=\"elementor-element elementor-element-6498acd5 elementor-widget elementor-widget-text-editor\" data-id=\"6498acd5\" data-element_type=\"widget\" data-widget_type=\"text-editor.default\">\n\t\t\t\t<div class=\"elementor-widget-container\">\n\t\t\t<style>\/*! elementor - v3.16.0 - 14-09-2023 *\/\n.elementor-widget-text-editor.elementor-drop-cap-view-stacked .elementor-drop-cap{background-color:#69727d;color:#fff}.elementor-widget-text-editor.elementor-drop-cap-view-framed .elementor-drop-cap{color:#69727d;border:3px solid;background-color:transparent}.elementor-widget-text-editor:not(.elementor-drop-cap-view-default) .elementor-drop-cap{margin-top:8px}.elementor-widget-text-editor:not(.elementor-drop-cap-view-default) .elementor-drop-cap-letter{width:1em;height:1em}.elementor-widget-text-editor .elementor-drop-cap{float:left;text-align:center;line-height:1;font-size:50px}.elementor-widget-text-editor .elementor-drop-cap-letter{display:inline-block}<\/style>\t\t\t\t<!-- wp:paragraph -->\n<p>Firmam\u0131z\u0131n insan kaynaklar\u0131 organizasyonunun amac\u0131, \u015firket vizyonu do\u011frultusunda insan kaynaklar\u0131n\u0131 en iyi \u015fekilde de\u011ferlendirerek;\u00a0\u00a0\u015firketin hedef ve ama\u00e7lar\u0131n\u0131 ger\u00e7ekle\u015ftirebilmesi i\u00e7in, gerekli i\u015fg\u00fcc\u00fc \u00a0alt yap\u0131s\u0131n\u0131 haz\u0131rlamak, geli\u015ftirmek,\u00a0\u00a0\u00e7a\u011fda\u015f y\u00f6netim teknikleri kullanarak \u00f6\u011frenen ve yarat\u0131c\u0131 bir organizasyon kurmakt\u0131r.<\/p>\n<p>Gen\u00e7, dinamik ve nitelikli \u00e7al\u0131\u015fanlar\u0131yla her ge\u00e7en g\u00fcn h\u0131zla b\u00fcy\u00fcyen, sundu\u011fu \u00fcr\u00fcn ve hizmetlerini hedefledi\u011fi m\u00fckemmel \u00e7izgiye ta\u015f\u0131yan, ulusal ve uluslararas\u0131 alanda ba\u015far\u0131lar\u0131n\u0131 kan\u0131tlayan firmam\u0131z\u0131n\u00a0\u00e7al\u0131\u015fanlar\u0131na verdi\u011fi de\u011fer ile de fark yarat\u0131yor.<br \/><br \/>Bize g\u00f6nderece\u011finiz i\u015f ba\u015fvurular\u0131n\u0131z\u0131\u00a0detayl\u0131 \u015fekilde inceleyecek, size olumlu veya olumsuz \u015fekilde mutlaka geri d\u00f6n\u00fc\u015f yapaca\u011f\u0131z.\u00a0<\/p>\n<!-- \/wp:paragraph -->\t\t\t\t\t\t<\/div>\n\t\t\t\t<\/div>\n\t\t\t\t\t<\/div>\n\t\t<\/div>\n\t\t\t\t\t\t\t<\/div>\n\t\t<\/section>\n\t\t\t\t\t\t\t<\/div>\n\t\t","protected":false},"excerpt":{"rendered":"<p>\u0130nsan Kaynaklar\u0131 Firmam\u0131z\u0131n insan kaynaklar\u0131 organizasyonunun amac\u0131, \u015firket vizyonu do\u011frultusunda insan kaynaklar\u0131n\u0131 en iyi \u015fekilde de\u011ferlendirerek;\u00a0\u00a0\u015firketin hedef ve ama\u00e7lar\u0131n\u0131 ger\u00e7ekle\u015ftirebilmesi i\u00e7in, gerekli i\u015fg\u00fcc\u00fc \u00a0alt yap\u0131s\u0131n\u0131 haz\u0131rlamak, geli\u015ftirmek,\u00a0\u00a0\u00e7a\u011fda\u015f y\u00f6netim teknikleri kullanarak \u00f6\u011frenen ve yarat\u0131c\u0131 bir organizasyon kurmakt\u0131r. Gen\u00e7, dinamik ve nitelikli \u00e7al\u0131\u015fanlar\u0131yla her ge\u00e7en g\u00fcn h\u0131zla b\u00fcy\u00fcyen, sundu\u011fu \u00fcr\u00fcn ve hizmetlerini hedefledi\u011fi m\u00fckemmel \u00e7izgiye ta\u015f\u0131yan, ulusal&#8230;<\/p>\n","protected":false},"author":2,"featured_media":0,"parent":0,"menu_order":0,"comment_status":"closed","ping_status":"closed","template":"","meta":{"om_disable_all_campaigns":false,"_monsterinsights_skip_tracking":false,"_monsterinsights_sitenote_active":false,"_monsterinsights_sitenote_note":"","_monsterinsights_sitenote_category":0,"footnotes":""},"class_list":["post-476","page","type-page","status-publish","hentry"],"yoast_head":"<!-- This site is optimized with the Yoast SEO plugin v21.1 - https:\/\/yoast.com\/wordpress\/plugins\/seo\/ -->\n<title>\u0130nsan Kaynaklar\u0131 - Duzey Boya<\/title>\n<meta name=\"robots\" content=\"index, follow, max-snippet:-1, max-image-preview:large, max-video-preview:-1\" \/>\n<link rel=\"canonical\" href=\"http:\/\/www.duzeyboya.com\/index.php\/insan-kaynaklari\/\" \/>\n<meta property=\"og:locale\" content=\"tr_TR\" \/>\n<meta property=\"og:type\" content=\"article\" \/>\n<meta property=\"og:title\" content=\"\u0130nsan Kaynaklar\u0131 - Duzey Boya\" \/>\n<meta property=\"og:description\" content=\"\u0130nsan Kaynaklar\u0131 Firmam\u0131z\u0131n insan kaynaklar\u0131 organizasyonunun amac\u0131, \u015firket vizyonu do\u011frultusunda insan kaynaklar\u0131n\u0131 en iyi \u015fekilde de\u011ferlendirerek;\u00a0\u00a0\u015firketin hedef ve ama\u00e7lar\u0131n\u0131 ger\u00e7ekle\u015ftirebilmesi i\u00e7in, gerekli i\u015fg\u00fcc\u00fc \u00a0alt yap\u0131s\u0131n\u0131 haz\u0131rlamak, geli\u015ftirmek,\u00a0\u00a0\u00e7a\u011fda\u015f y\u00f6netim teknikleri kullanarak \u00f6\u011frenen ve yarat\u0131c\u0131 bir organizasyon kurmakt\u0131r. Gen\u00e7, dinamik ve nitelikli \u00e7al\u0131\u015fanlar\u0131yla her ge\u00e7en g\u00fcn h\u0131zla b\u00fcy\u00fcyen, sundu\u011fu \u00fcr\u00fcn ve hizmetlerini hedefledi\u011fi m\u00fckemmel \u00e7izgiye ta\u015f\u0131yan, ulusal...\" \/>\n<meta property=\"og:url\" content=\"http:\/\/www.duzeyboya.com\/index.php\/insan-kaynaklari\/\" \/>\n<meta property=\"og:site_name\" content=\"Duzey Boya\" \/>\n<meta property=\"article:modified_time\" content=\"2023-08-11T07:23:38+00:00\" \/>\n<meta property=\"og:image\" content=\"http:\/\/www.duzeyboya.com\/wp-content\/uploads\/2023\/08\/insan-kaynaklarc4b1-1024x745.jpg\" \/>\n<meta name=\"twitter:card\" content=\"summary_large_image\" \/>\n<meta name=\"twitter:label1\" content=\"Tahmini okuma s\u00fcresi\" \/>\n\t<meta name=\"twitter:data1\" content=\"1 dakika\" \/>\n<script type=\"application\/ld+json\" class=\"yoast-schema-graph\">{\"@context\":\"https:\/\/schema.org\",\"@graph\":[{\"@type\":\"WebPage\",\"@id\":\"http:\/\/www.duzeyboya.com\/index.php\/insan-kaynaklari\/\",\"url\":\"http:\/\/www.duzeyboya.com\/index.php\/insan-kaynaklari\/\",\"name\":\"\u0130nsan Kaynaklar\u0131 - Duzey Boya\",\"isPartOf\":{\"@id\":\"http:\/\/www.duzeyboya.com\/#website\"},\"datePublished\":\"2023-08-11T07:19:59+00:00\",\"dateModified\":\"2023-08-11T07:23:38+00:00\",\"breadcrumb\":{\"@id\":\"http:\/\/www.duzeyboya.com\/index.php\/insan-kaynaklari\/#breadcrumb\"},\"inLanguage\":\"tr\",\"potentialAction\":[{\"@type\":\"ReadAction\",\"target\":[\"http:\/\/www.duzeyboya.com\/index.php\/insan-kaynaklari\/\"]}]},{\"@type\":\"BreadcrumbList\",\"@id\":\"http:\/\/www.duzeyboya.com\/index.php\/insan-kaynaklari\/#breadcrumb\",\"itemListElement\":[{\"@type\":\"ListItem\",\"position\":1,\"name\":\"Anasayfa\",\"item\":\"http:\/\/www.duzeyboya.com\/\"},{\"@type\":\"ListItem\",\"position\":2,\"name\":\"\u0130nsan Kaynaklar\u0131\"}]},{\"@type\":\"WebSite\",\"@id\":\"http:\/\/www.duzeyboya.com\/#website\",\"url\":\"http:\/\/www.duzeyboya.com\/\",\"name\":\"Duzey Boya\",\"description\":\"Ah\u015fap Transfer Kaplama\",\"publisher\":{\"@id\":\"http:\/\/www.duzeyboya.com\/#organization\"},\"potentialAction\":[{\"@type\":\"SearchAction\",\"target\":{\"@type\":\"EntryPoint\",\"urlTemplate\":\"http:\/\/www.duzeyboya.com\/?s={search_term_string}\"},\"query-input\":\"required name=search_term_string\"}],\"inLanguage\":\"tr\"},{\"@type\":\"Organization\",\"@id\":\"http:\/\/www.duzeyboya.com\/#organization\",\"name\":\"Duzey Boya\",\"url\":\"http:\/\/www.duzeyboya.com\/\",\"logo\":{\"@type\":\"ImageObject\",\"inLanguage\":\"tr\",\"@id\":\"http:\/\/www.duzeyboya.com\/#\/schema\/logo\/image\/\",\"url\":\"http:\/\/www.duzeyboya.com\/wp-content\/uploads\/2023\/08\/192-elektrostatik-toz-boya-duzey-boya-ve-metal-sanayi-logo.png\",\"contentUrl\":\"http:\/\/www.duzeyboya.com\/wp-content\/uploads\/2023\/08\/192-elektrostatik-toz-boya-duzey-boya-ve-metal-sanayi-logo.png\",\"width\":286,\"height\":113,\"caption\":\"Duzey Boya\"},\"image\":{\"@id\":\"http:\/\/www.duzeyboya.com\/#\/schema\/logo\/image\/\"}}]}<\/script>\n<!-- \/ Yoast SEO plugin. -->","yoast_head_json":{"title":"\u0130nsan Kaynaklar\u0131 - Duzey Boya","robots":{"index":"index","follow":"follow","max-snippet":"max-snippet:-1","max-image-preview":"max-image-preview:large","max-video-preview":"max-video-preview:-1"},"canonical":"http:\/\/www.duzeyboya.com\/index.php\/insan-kaynaklari\/","og_locale":"tr_TR","og_type":"article","og_title":"\u0130nsan Kaynaklar\u0131 - Duzey Boya","og_description":"\u0130nsan Kaynaklar\u0131 Firmam\u0131z\u0131n insan kaynaklar\u0131 organizasyonunun amac\u0131, \u015firket vizyonu do\u011frultusunda insan kaynaklar\u0131n\u0131 en iyi \u015fekilde de\u011ferlendirerek;\u00a0\u00a0\u015firketin hedef ve ama\u00e7lar\u0131n\u0131 ger\u00e7ekle\u015ftirebilmesi i\u00e7in, gerekli i\u015fg\u00fcc\u00fc \u00a0alt yap\u0131s\u0131n\u0131 haz\u0131rlamak, geli\u015ftirmek,\u00a0\u00a0\u00e7a\u011fda\u015f y\u00f6netim teknikleri kullanarak \u00f6\u011frenen ve yarat\u0131c\u0131 bir organizasyon kurmakt\u0131r. Gen\u00e7, dinamik ve nitelikli \u00e7al\u0131\u015fanlar\u0131yla her ge\u00e7en g\u00fcn h\u0131zla b\u00fcy\u00fcyen, sundu\u011fu \u00fcr\u00fcn ve hizmetlerini hedefledi\u011fi m\u00fckemmel \u00e7izgiye ta\u015f\u0131yan, ulusal...","og_url":"http:\/\/www.duzeyboya.com\/index.php\/insan-kaynaklari\/","og_site_name":"Duzey Boya","article_modified_time":"2023-08-11T07:23:38+00:00","og_image":[{"url":"http:\/\/www.duzeyboya.com\/wp-content\/uploads\/2023\/08\/insan-kaynaklarc4b1-1024x745.jpg"}],"twitter_card":"summary_large_image","twitter_misc":{"Tahmini okuma s\u00fcresi":"1 dakika"},"schema":{"@context":"https:\/\/schema.org","@graph":[{"@type":"WebPage","@id":"http:\/\/www.duzeyboya.com\/index.php\/insan-kaynaklari\/","url":"http:\/\/www.duzeyboya.com\/index.php\/insan-kaynaklari\/","name":"\u0130nsan Kaynaklar\u0131 - Duzey Boya","isPartOf":{"@id":"http:\/\/www.duzeyboya.com\/#website"},"datePublished":"2023-08-11T07:19:59+00:00","dateModified":"2023-08-11T07:23:38+00:00","breadcrumb":{"@id":"http:\/\/www.duzeyboya.com\/index.php\/insan-kaynaklari\/#breadcrumb"},"inLanguage":"tr","potentialAction":[{"@type":"ReadAction","target":["http:\/\/www.duzeyboya.com\/index.php\/insan-kaynaklari\/"]}]},{"@type":"BreadcrumbList","@id":"http:\/\/www.duzeyboya.com\/index.php\/insan-kaynaklari\/#breadcrumb","itemListElement":[{"@type":"ListItem","position":1,"name":"Anasayfa","item":"http:\/\/www.duzeyboya.com\/"},{"@type":"ListItem","position":2,"name":"\u0130nsan Kaynaklar\u0131"}]},{"@type":"WebSite","@id":"http:\/\/www.duzeyboya.com\/#website","url":"http:\/\/www.duzeyboya.com\/","name":"Duzey Boya","description":"Ah\u015fap Transfer Kaplama","publisher":{"@id":"http:\/\/www.duzeyboya.com\/#organization"},"potentialAction":[{"@type":"SearchAction","target":{"@type":"EntryPoint","urlTemplate":"http:\/\/www.duzeyboya.com\/?s={search_term_string}"},"query-input":"required name=search_term_string"}],"inLanguage":"tr"},{"@type":"Organization","@id":"http:\/\/www.duzeyboya.com\/#organization","name":"Duzey Boya","url":"http:\/\/www.duzeyboya.com\/","logo":{"@type":"ImageObject","inLanguage":"tr","@id":"http:\/\/www.duzeyboya.com\/#\/schema\/logo\/image\/","url":"http:\/\/www.duzeyboya.com\/wp-content\/uploads\/2023\/08\/192-elektrostatik-toz-boya-duzey-boya-ve-metal-sanayi-logo.png","contentUrl":"http:\/\/www.duzeyboya.com\/wp-content\/uploads\/2023\/08\/192-elektrostatik-toz-boya-duzey-boya-ve-metal-sanayi-logo.png","width":286,"height":113,"caption":"Duzey Boya"},"image":{"@id":"http:\/\/www.duzeyboya.com\/#\/schema\/logo\/image\/"}}]}},"_links":{"self":[{"href":"http:\/\/www.duzeyboya.com\/index.php\/wp-json\/wp\/v2\/pages\/476","targetHints":{"allow":["GET"]}}],"collection":[{"href":"http:\/\/www.duzeyboya.com\/index.php\/wp-json\/wp\/v2\/pages"}],"about":[{"href":"http:\/\/www.duzeyboya.com\/index.php\/wp-json\/wp\/v2\/types\/page"}],"author":[{"embeddable":true,"href":"http:\/\/www.duzeyboya.com\/index.php\/wp-json\/wp\/v2\/users\/2"}],"replies":[{"embeddable":true,"href":"http:\/\/www.duzeyboya.com\/index.php\/wp-json\/wp\/v2\/comments?post=476"}],"version-history":[{"count":4,"href":"http:\/\/www.duzeyboya.com\/index.php\/wp-json\/wp\/v2\/pages\/476\/revisions"}],"predecessor-version":[{"id":482,"href":"http:\/\/www.duzeyboya.com\/index.php\/wp-json\/wp\/v2\/pages\/476\/revisions\/482"}],"wp:attachment":[{"href":"http:\/\/www.duzeyboya.com\/index.php\/wp-json\/wp\/v2\/media?parent=476"}],"curies":[{"name":"wp","href":"https:\/\/api.w.org\/{rel}","templated":true}]}}