{"id":712,"date":"2023-08-22T13:14:39","date_gmt":"2023-08-22T10:14:39","guid":{"rendered":"http:\/\/www.duzeyboya.com\/?page_id=712"},"modified":"2023-09-14T19:36:41","modified_gmt":"2023-09-14T16:36:41","slug":"ahsap-transfer-kaplama","status":"publish","type":"page","link":"http:\/\/www.duzeyboya.com\/index.php\/ahsap-transfer-kaplama\/","title":{"rendered":"Ah\u015fap Transfer Kaplama"},"content":{"rendered":"\t\t<div data-elementor-type=\"wp-page\" data-elementor-id=\"712\" class=\"elementor elementor-712\">\n\t\t\t\t\t\t\t\t\t<section class=\"elementor-section elementor-top-section elementor-element elementor-element-2c6c56a elementor-section-boxed elementor-section-height-default elementor-section-height-default\" data-id=\"2c6c56a\" data-element_type=\"section\">\n\t\t\t\t\t\t<div class=\"elementor-container elementor-column-gap-default\">\n\t\t\t\t\t<div class=\"elementor-column elementor-col-50 elementor-top-column elementor-element elementor-element-8cfc96e\" data-id=\"8cfc96e\" data-element_type=\"column\">\n\t\t\t<div class=\"elementor-widget-wrap elementor-element-populated\">\n\t\t\t\t\t\t\t\t<div class=\"elementor-element elementor-element-6df30a8 elementor-widget elementor-widget-image\" data-id=\"6df30a8\" data-element_type=\"widget\" data-widget_type=\"image.default\">\n\t\t\t\t<div class=\"elementor-widget-container\">\n\t\t\t<style>\/*! elementor - v3.16.0 - 14-09-2023 *\/\n.elementor-widget-image{text-align:center}.elementor-widget-image a{display:inline-block}.elementor-widget-image a img[src$=\".svg\"]{width:48px}.elementor-widget-image img{vertical-align:middle;display:inline-block}<\/style>\t\t\t\t\t\t\t\t\t\t\t\t<img loading=\"lazy\" decoding=\"async\" width=\"1024\" height=\"1024\" src=\"http:\/\/www.duzeyboya.com\/wp-content\/uploads\/2023\/08\/87743120_118793296370830_1110241009960216357_n-1024x1024.jpg\" class=\"attachment-large size-large wp-image-635\" alt=\"\" srcset=\"http:\/\/www.duzeyboya.com\/wp-content\/uploads\/2023\/08\/87743120_118793296370830_1110241009960216357_n-1024x1024.jpg 1024w, http:\/\/www.duzeyboya.com\/wp-content\/uploads\/2023\/08\/87743120_118793296370830_1110241009960216357_n-300x300.jpg 300w, http:\/\/www.duzeyboya.com\/wp-content\/uploads\/2023\/08\/87743120_118793296370830_1110241009960216357_n-150x150.jpg 150w, http:\/\/www.duzeyboya.com\/wp-content\/uploads\/2023\/08\/87743120_118793296370830_1110241009960216357_n-768x768.jpg 768w, http:\/\/www.duzeyboya.com\/wp-content\/uploads\/2023\/08\/87743120_118793296370830_1110241009960216357_n-600x600.jpg 600w, http:\/\/www.duzeyboya.com\/wp-content\/uploads\/2023\/08\/87743120_118793296370830_1110241009960216357_n-200x200.jpg 200w, http:\/\/www.duzeyboya.com\/wp-content\/uploads\/2023\/08\/87743120_118793296370830_1110241009960216357_n.jpg 1080w\" sizes=\"auto, (max-width: 1024px) 100vw, 1024px\" \/>\t\t\t\t\t\t\t\t\t\t\t\t\t\t\t<\/div>\n\t\t\t\t<\/div>\n\t\t\t\t\t<\/div>\n\t\t<\/div>\n\t\t\t\t<div class=\"elementor-column elementor-col-50 elementor-top-column elementor-element elementor-element-b98840b\" data-id=\"b98840b\" data-element_type=\"column\">\n\t\t\t<div class=\"elementor-widget-wrap elementor-element-populated\">\n\t\t\t\t\t\t\t\t<div class=\"elementor-element elementor-element-20e64eb elementor-widget elementor-widget-heading\" data-id=\"20e64eb\" data-element_type=\"widget\" data-widget_type=\"heading.default\">\n\t\t\t\t<div class=\"elementor-widget-container\">\n\t\t\t<style>\/*! elementor - v3.16.0 - 14-09-2023 *\/\n.elementor-heading-title{padding:0;margin:0;line-height:1}.elementor-widget-heading .elementor-heading-title[class*=elementor-size-]>a{color:inherit;font-size:inherit;line-height:inherit}.elementor-widget-heading .elementor-heading-title.elementor-size-small{font-size:15px}.elementor-widget-heading .elementor-heading-title.elementor-size-medium{font-size:19px}.elementor-widget-heading .elementor-heading-title.elementor-size-large{font-size:29px}.elementor-widget-heading .elementor-heading-title.elementor-size-xl{font-size:39px}.elementor-widget-heading .elementor-heading-title.elementor-size-xxl{font-size:59px}<\/style><h2 class=\"elementor-heading-title elementor-size-default\">\n<strong>Ah\u015fap Transfer Kaplama&nbsp;<\/strong><\/h2>\t\t<\/div>\n\t\t\t\t<\/div>\n\t\t\t\t<div class=\"elementor-element elementor-element-6498acd5 elementor-widget elementor-widget-text-editor\" data-id=\"6498acd5\" data-element_type=\"widget\" data-widget_type=\"text-editor.default\">\n\t\t\t\t<div class=\"elementor-widget-container\">\n\t\t\t<style>\/*! elementor - v3.16.0 - 14-09-2023 *\/\n.elementor-widget-text-editor.elementor-drop-cap-view-stacked .elementor-drop-cap{background-color:#69727d;color:#fff}.elementor-widget-text-editor.elementor-drop-cap-view-framed .elementor-drop-cap{color:#69727d;border:3px solid;background-color:transparent}.elementor-widget-text-editor:not(.elementor-drop-cap-view-default) .elementor-drop-cap{margin-top:8px}.elementor-widget-text-editor:not(.elementor-drop-cap-view-default) .elementor-drop-cap-letter{width:1em;height:1em}.elementor-widget-text-editor .elementor-drop-cap{float:left;text-align:center;line-height:1;font-size:50px}.elementor-widget-text-editor .elementor-drop-cap-letter{display:inline-block}<\/style>\t\t\t\t<div class=\"elementor-element elementor-element-23837a6 elementor-widget elementor-widget-text-editor\" data-id=\"23837a6\" data-element_type=\"widget\" data-widget_type=\"text-editor.default\"><div class=\"elementor-widget-container\"><p>D\u00fczey boya olarak t\u00fcm metal y\u00fczeyleri son derecek \u015f\u0131k ve dekoratif ah\u015fap desenler ile kapl\u0131yoruz.<\/p><\/div><\/div>\t\t\t\t\t\t<\/div>\n\t\t\t\t<\/div>\n\t\t\t\t<div class=\"elementor-element elementor-element-15f6938 elementor-widget-divider--view-line elementor-widget elementor-widget-divider\" data-id=\"15f6938\" data-element_type=\"widget\" data-widget_type=\"divider.default\">\n\t\t\t\t<div class=\"elementor-widget-container\">\n\t\t\t<style>\/*! elementor - v3.16.0 - 14-09-2023 *\/\n.elementor-widget-divider{--divider-border-style:none;--divider-border-width:1px;--divider-color:#0c0d0e;--divider-icon-size:20px;--divider-element-spacing:10px;--divider-pattern-height:24px;--divider-pattern-size:20px;--divider-pattern-url:none;--divider-pattern-repeat:repeat-x}.elementor-widget-divider .elementor-divider{display:flex}.elementor-widget-divider .elementor-divider__text{font-size:15px;line-height:1;max-width:95%}.elementor-widget-divider .elementor-divider__element{margin:0 var(--divider-element-spacing);flex-shrink:0}.elementor-widget-divider .elementor-icon{font-size:var(--divider-icon-size)}.elementor-widget-divider .elementor-divider-separator{display:flex;margin:0;direction:ltr}.elementor-widget-divider--view-line_icon .elementor-divider-separator,.elementor-widget-divider--view-line_text .elementor-divider-separator{align-items:center}.elementor-widget-divider--view-line_icon .elementor-divider-separator:after,.elementor-widget-divider--view-line_icon .elementor-divider-separator:before,.elementor-widget-divider--view-line_text .elementor-divider-separator:after,.elementor-widget-divider--view-line_text .elementor-divider-separator:before{display:block;content:\"\";border-bottom:0;flex-grow:1;border-top:var(--divider-border-width) var(--divider-border-style) var(--divider-color)}.elementor-widget-divider--element-align-left .elementor-divider .elementor-divider-separator>.elementor-divider__svg:first-of-type{flex-grow:0;flex-shrink:100}.elementor-widget-divider--element-align-left .elementor-divider-separator:before{content:none}.elementor-widget-divider--element-align-left .elementor-divider__element{margin-left:0}.elementor-widget-divider--element-align-right .elementor-divider .elementor-divider-separator>.elementor-divider__svg:last-of-type{flex-grow:0;flex-shrink:100}.elementor-widget-divider--element-align-right .elementor-divider-separator:after{content:none}.elementor-widget-divider--element-align-right .elementor-divider__element{margin-right:0}.elementor-widget-divider:not(.elementor-widget-divider--view-line_text):not(.elementor-widget-divider--view-line_icon) .elementor-divider-separator{border-top:var(--divider-border-width) var(--divider-border-style) var(--divider-color)}.elementor-widget-divider--separator-type-pattern{--divider-border-style:none}.elementor-widget-divider--separator-type-pattern.elementor-widget-divider--view-line .elementor-divider-separator,.elementor-widget-divider--separator-type-pattern:not(.elementor-widget-divider--view-line) .elementor-divider-separator:after,.elementor-widget-divider--separator-type-pattern:not(.elementor-widget-divider--view-line) .elementor-divider-separator:before,.elementor-widget-divider--separator-type-pattern:not([class*=elementor-widget-divider--view]) .elementor-divider-separator{width:100%;min-height:var(--divider-pattern-height);-webkit-mask-size:var(--divider-pattern-size) 100%;mask-size:var(--divider-pattern-size) 100%;-webkit-mask-repeat:var(--divider-pattern-repeat);mask-repeat:var(--divider-pattern-repeat);background-color:var(--divider-color);-webkit-mask-image:var(--divider-pattern-url);mask-image:var(--divider-pattern-url)}.elementor-widget-divider--no-spacing{--divider-pattern-size:auto}.elementor-widget-divider--bg-round{--divider-pattern-repeat:round}.rtl .elementor-widget-divider .elementor-divider__text{direction:rtl}.e-con-inner>.elementor-widget-divider,.e-con>.elementor-widget-divider{width:var(--container-widget-width,100%);--flex-grow:var(--container-widget-flex-grow)}<\/style>\t\t<div class=\"elementor-divider\">\n\t\t\t<span class=\"elementor-divider-separator\">\n\t\t\t\t\t\t<\/span>\n\t\t<\/div>\n\t\t\t\t<\/div>\n\t\t\t\t<\/div>\n\t\t\t\t<div class=\"elementor-element elementor-element-776a074 elementor-widget elementor-widget-text-editor\" data-id=\"776a074\" data-element_type=\"widget\" data-widget_type=\"text-editor.default\">\n\t\t\t\t<div class=\"elementor-widget-container\">\n\t\t\t\t\t\t\t<div class=\"elementor-element elementor-element-23837a6 elementor-widget elementor-widget-text-editor\" data-id=\"23837a6\" data-element_type=\"widget\" data-widget_type=\"text-editor.default\"><div class=\"elementor-widget-container\"><p>D\u00fczey Boya olarak malzemelerin g\u00f6rsel olarak do\u011fal <b>ah\u015fap<\/b>\u00a0g\u00f6r\u00fcn\u00fcmlerini sa\u011flamak i\u00e7in al\u00fcminyum profil, levha ve metallerin kullan\u0131m yeri ve amac\u0131na g\u00f6re uygun renk ve desen se\u00e7ilerek\u00a0<b>transfer<\/b>\u00a0y\u00f6ntemiyle metal malzemelerin y\u00fcksek kalitede do\u011fal\u00a0<b>ah\u015fap<\/b> g\u00f6r\u00fcn\u00fcm\u00fc kazanmas\u0131n\u0131 sa\u011fl\u0131yoruz.<\/p><\/div><\/div>\t\t\t\t\t\t<\/div>\n\t\t\t\t<\/div>\n\t\t\t\t\t<\/div>\n\t\t<\/div>\n\t\t\t\t\t\t\t<\/div>\n\t\t<\/section>\n\t\t\t\t<section class=\"elementor-section elementor-top-section elementor-element elementor-element-93aa913 elementor-section-boxed elementor-section-height-default elementor-section-height-default\" data-id=\"93aa913\" data-element_type=\"section\">\n\t\t\t\t\t\t<div class=\"elementor-container elementor-column-gap-default\">\n\t\t\t\t\t<div class=\"elementor-column elementor-col-25 elementor-top-column elementor-element elementor-element-83c3b36\" data-id=\"83c3b36\" data-element_type=\"column\">\n\t\t\t<div class=\"elementor-widget-wrap elementor-element-populated\">\n\t\t\t\t\t\t\t\t<div class=\"elementor-element elementor-element-3f07014 elementor-widget elementor-widget-image\" data-id=\"3f07014\" data-element_type=\"widget\" data-widget_type=\"image.default\">\n\t\t\t\t<div class=\"elementor-widget-container\">\n\t\t\t\t\t\t\t\t\t\t\t\t\t\t\t<img loading=\"lazy\" decoding=\"async\" width=\"769\" height=\"1024\" src=\"http:\/\/www.duzeyboya.com\/wp-content\/uploads\/2023\/09\/IMG_20230825_154642-769x1024.jpg\" class=\"attachment-large size-large wp-image-793\" alt=\"\" srcset=\"http:\/\/www.duzeyboya.com\/wp-content\/uploads\/2023\/09\/IMG_20230825_154642-769x1024.jpg 769w, http:\/\/www.duzeyboya.com\/wp-content\/uploads\/2023\/09\/IMG_20230825_154642-225x300.jpg 225w, http:\/\/www.duzeyboya.com\/wp-content\/uploads\/2023\/09\/IMG_20230825_154642-768x1023.jpg 768w, http:\/\/www.duzeyboya.com\/wp-content\/uploads\/2023\/09\/IMG_20230825_154642-1153x1536.jpg 1153w, http:\/\/www.duzeyboya.com\/wp-content\/uploads\/2023\/09\/IMG_20230825_154642-1538x2048.jpg 1538w, http:\/\/www.duzeyboya.com\/wp-content\/uploads\/2023\/09\/IMG_20230825_154642-600x799.jpg 600w, http:\/\/www.duzeyboya.com\/wp-content\/uploads\/2023\/09\/IMG_20230825_154642-scaled.jpg 1922w\" sizes=\"auto, (max-width: 769px) 100vw, 769px\" \/>\t\t\t\t\t\t\t\t\t\t\t\t\t\t\t<\/div>\n\t\t\t\t<\/div>\n\t\t\t\t\t<\/div>\n\t\t<\/div>\n\t\t\t\t<div class=\"elementor-column elementor-col-25 elementor-top-column elementor-element elementor-element-80db91e\" data-id=\"80db91e\" data-element_type=\"column\">\n\t\t\t<div class=\"elementor-widget-wrap elementor-element-populated\">\n\t\t\t\t\t\t\t\t<div class=\"elementor-element elementor-element-5a01d4f elementor-widget elementor-widget-image\" data-id=\"5a01d4f\" data-element_type=\"widget\" data-widget_type=\"image.default\">\n\t\t\t\t<div class=\"elementor-widget-container\">\n\t\t\t\t\t\t\t\t\t\t\t\t\t\t\t<img loading=\"lazy\" decoding=\"async\" width=\"766\" height=\"1024\" src=\"http:\/\/www.duzeyboya.com\/wp-content\/uploads\/2023\/08\/IMG_20210205_130443-766x1024.jpg\" class=\"attachment-large size-large wp-image-520\" alt=\"\" srcset=\"http:\/\/www.duzeyboya.com\/wp-content\/uploads\/2023\/08\/IMG_20210205_130443-766x1024.jpg 766w, http:\/\/www.duzeyboya.com\/wp-content\/uploads\/2023\/08\/IMG_20210205_130443-225x300.jpg 225w, http:\/\/www.duzeyboya.com\/wp-content\/uploads\/2023\/08\/IMG_20210205_130443-768x1026.jpg 768w, http:\/\/www.duzeyboya.com\/wp-content\/uploads\/2023\/08\/IMG_20210205_130443-600x802.jpg 600w, http:\/\/www.duzeyboya.com\/wp-content\/uploads\/2023\/08\/IMG_20210205_130443.jpg 1080w\" sizes=\"auto, (max-width: 766px) 100vw, 766px\" \/>\t\t\t\t\t\t\t\t\t\t\t\t\t\t\t<\/div>\n\t\t\t\t<\/div>\n\t\t\t\t\t<\/div>\n\t\t<\/div>\n\t\t\t\t<div class=\"elementor-column elementor-col-25 elementor-top-column elementor-element elementor-element-084bc2b\" data-id=\"084bc2b\" data-element_type=\"column\">\n\t\t\t<div class=\"elementor-widget-wrap elementor-element-populated\">\n\t\t\t\t\t\t\t\t<div class=\"elementor-element elementor-element-6af1c92 elementor-widget elementor-widget-image\" data-id=\"6af1c92\" data-element_type=\"widget\" data-widget_type=\"image.default\">\n\t\t\t\t<div class=\"elementor-widget-container\">\n\t\t\t\t\t\t\t\t\t\t\t\t\t\t\t<img loading=\"lazy\" decoding=\"async\" width=\"763\" height=\"885\" src=\"http:\/\/www.duzeyboya.com\/wp-content\/uploads\/2023\/08\/IMG_20210205_130454-e1691759965205.jpg\" class=\"attachment-large size-large wp-image-456\" alt=\"\" srcset=\"http:\/\/www.duzeyboya.com\/wp-content\/uploads\/2023\/08\/IMG_20210205_130454-e1691759965205.jpg 763w, http:\/\/www.duzeyboya.com\/wp-content\/uploads\/2023\/08\/IMG_20210205_130454-e1691759965205-600x696.jpg 600w, http:\/\/www.duzeyboya.com\/wp-content\/uploads\/2023\/08\/IMG_20210205_130454-e1691759965205-259x300.jpg 259w\" sizes=\"auto, (max-width: 763px) 100vw, 763px\" \/>\t\t\t\t\t\t\t\t\t\t\t\t\t\t\t<\/div>\n\t\t\t\t<\/div>\n\t\t\t\t\t<\/div>\n\t\t<\/div>\n\t\t\t\t<div class=\"elementor-column elementor-col-25 elementor-top-column elementor-element elementor-element-66515c7\" data-id=\"66515c7\" data-element_type=\"column\">\n\t\t\t<div class=\"elementor-widget-wrap elementor-element-populated\">\n\t\t\t\t\t\t\t\t<div class=\"elementor-element elementor-element-0cfcfdb elementor-widget elementor-widget-image\" data-id=\"0cfcfdb\" data-element_type=\"widget\" data-widget_type=\"image.default\">\n\t\t\t\t<div class=\"elementor-widget-container\">\n\t\t\t\t\t\t\t\t\t\t\t\t\t\t\t<img loading=\"lazy\" decoding=\"async\" width=\"1024\" height=\"1024\" src=\"http:\/\/www.duzeyboya.com\/wp-content\/uploads\/2023\/08\/89824358_105477724313572_2040728819838038870_n-1024x1024.jpg\" class=\"attachment-large size-large wp-image-644\" alt=\"\" srcset=\"http:\/\/www.duzeyboya.com\/wp-content\/uploads\/2023\/08\/89824358_105477724313572_2040728819838038870_n-1024x1024.jpg 1024w, http:\/\/www.duzeyboya.com\/wp-content\/uploads\/2023\/08\/89824358_105477724313572_2040728819838038870_n-300x300.jpg 300w, http:\/\/www.duzeyboya.com\/wp-content\/uploads\/2023\/08\/89824358_105477724313572_2040728819838038870_n-150x150.jpg 150w, http:\/\/www.duzeyboya.com\/wp-content\/uploads\/2023\/08\/89824358_105477724313572_2040728819838038870_n-768x768.jpg 768w, http:\/\/www.duzeyboya.com\/wp-content\/uploads\/2023\/08\/89824358_105477724313572_2040728819838038870_n-600x600.jpg 600w, http:\/\/www.duzeyboya.com\/wp-content\/uploads\/2023\/08\/89824358_105477724313572_2040728819838038870_n-200x200.jpg 200w, http:\/\/www.duzeyboya.com\/wp-content\/uploads\/2023\/08\/89824358_105477724313572_2040728819838038870_n.jpg 1080w\" sizes=\"auto, (max-width: 1024px) 100vw, 1024px\" \/>\t\t\t\t\t\t\t\t\t\t\t\t\t\t\t<\/div>\n\t\t\t\t<\/div>\n\t\t\t\t\t<\/div>\n\t\t<\/div>\n\t\t\t\t\t\t\t<\/div>\n\t\t<\/section>\n\t\t\t\t\t\t\t<\/div>\n\t\t","protected":false},"excerpt":{"rendered":"<p>Ah\u015fap Transfer Kaplama&nbsp; D\u00fczey boya olarak t\u00fcm metal y\u00fczeyleri son derecek \u015f\u0131k ve dekoratif ah\u015fap desenler ile kapl\u0131yoruz. D\u00fczey Boya olarak malzemelerin g\u00f6rsel olarak do\u011fal ah\u015fap\u00a0g\u00f6r\u00fcn\u00fcmlerini sa\u011flamak i\u00e7in al\u00fcminyum profil, levha ve metallerin kullan\u0131m yeri ve amac\u0131na g\u00f6re uygun renk ve desen se\u00e7ilerek\u00a0transfer\u00a0y\u00f6ntemiyle metal malzemelerin y\u00fcksek kalitede do\u011fal\u00a0ah\u015fap g\u00f6r\u00fcn\u00fcm\u00fc kazanmas\u0131n\u0131 sa\u011fl\u0131yoruz.<\/p>\n","protected":false},"author":2,"featured_media":0,"parent":0,"menu_order":0,"comment_status":"closed","ping_status":"closed","template":"","meta":{"om_disable_all_campaigns":false,"_monsterinsights_skip_tracking":false,"_monsterinsights_sitenote_active":false,"_monsterinsights_sitenote_note":"","_monsterinsights_sitenote_category":0,"footnotes":""},"class_list":["post-712","page","type-page","status-publish","hentry"],"yoast_head":"<!-- This site is optimized with the Yoast SEO plugin v21.1 - https:\/\/yoast.com\/wordpress\/plugins\/seo\/ -->\n<title>Ah\u015fap Transfer Kaplama - Duzey Boya<\/title>\n<meta name=\"robots\" content=\"index, follow, max-snippet:-1, max-image-preview:large, max-video-preview:-1\" \/>\n<link rel=\"canonical\" href=\"http:\/\/www.duzeyboya.com\/index.php\/ahsap-transfer-kaplama\/\" \/>\n<meta property=\"og:locale\" content=\"tr_TR\" \/>\n<meta property=\"og:type\" content=\"article\" \/>\n<meta property=\"og:title\" content=\"Ah\u015fap Transfer Kaplama - Duzey Boya\" \/>\n<meta property=\"og:description\" content=\"Ah\u015fap Transfer Kaplama&nbsp; D\u00fczey boya olarak t\u00fcm metal y\u00fczeyleri son derecek \u015f\u0131k ve dekoratif ah\u015fap desenler ile kapl\u0131yoruz. D\u00fczey Boya olarak malzemelerin g\u00f6rsel olarak do\u011fal ah\u015fap\u00a0g\u00f6r\u00fcn\u00fcmlerini sa\u011flamak i\u00e7in al\u00fcminyum profil, levha ve metallerin kullan\u0131m yeri ve amac\u0131na g\u00f6re uygun renk ve desen se\u00e7ilerek\u00a0transfer\u00a0y\u00f6ntemiyle metal malzemelerin y\u00fcksek kalitede do\u011fal\u00a0ah\u015fap g\u00f6r\u00fcn\u00fcm\u00fc kazanmas\u0131n\u0131 sa\u011fl\u0131yoruz.\" \/>\n<meta property=\"og:url\" content=\"http:\/\/www.duzeyboya.com\/index.php\/ahsap-transfer-kaplama\/\" \/>\n<meta property=\"og:site_name\" content=\"Duzey Boya\" \/>\n<meta property=\"article:modified_time\" content=\"2023-09-14T16:36:41+00:00\" \/>\n<meta property=\"og:image\" content=\"http:\/\/www.duzeyboya.com\/wp-content\/uploads\/2023\/08\/87743120_118793296370830_1110241009960216357_n-1024x1024.jpg\" \/>\n<meta name=\"twitter:card\" content=\"summary_large_image\" \/>\n<meta name=\"twitter:label1\" content=\"Tahmini okuma s\u00fcresi\" \/>\n\t<meta name=\"twitter:data1\" content=\"2 dakika\" \/>\n<script type=\"application\/ld+json\" class=\"yoast-schema-graph\">{\"@context\":\"https:\/\/schema.org\",\"@graph\":[{\"@type\":\"WebPage\",\"@id\":\"http:\/\/www.duzeyboya.com\/index.php\/ahsap-transfer-kaplama\/\",\"url\":\"http:\/\/www.duzeyboya.com\/index.php\/ahsap-transfer-kaplama\/\",\"name\":\"Ah\u015fap Transfer Kaplama - Duzey Boya\",\"isPartOf\":{\"@id\":\"http:\/\/www.duzeyboya.com\/#website\"},\"datePublished\":\"2023-08-22T10:14:39+00:00\",\"dateModified\":\"2023-09-14T16:36:41+00:00\",\"breadcrumb\":{\"@id\":\"http:\/\/www.duzeyboya.com\/index.php\/ahsap-transfer-kaplama\/#breadcrumb\"},\"inLanguage\":\"tr\",\"potentialAction\":[{\"@type\":\"ReadAction\",\"target\":[\"http:\/\/www.duzeyboya.com\/index.php\/ahsap-transfer-kaplama\/\"]}]},{\"@type\":\"BreadcrumbList\",\"@id\":\"http:\/\/www.duzeyboya.com\/index.php\/ahsap-transfer-kaplama\/#breadcrumb\",\"itemListElement\":[{\"@type\":\"ListItem\",\"position\":1,\"name\":\"Anasayfa\",\"item\":\"http:\/\/www.duzeyboya.com\/\"},{\"@type\":\"ListItem\",\"position\":2,\"name\":\"Ah\u015fap Transfer Kaplama\"}]},{\"@type\":\"WebSite\",\"@id\":\"http:\/\/www.duzeyboya.com\/#website\",\"url\":\"http:\/\/www.duzeyboya.com\/\",\"name\":\"Duzey Boya\",\"description\":\"Ah\u015fap Transfer Kaplama\",\"publisher\":{\"@id\":\"http:\/\/www.duzeyboya.com\/#organization\"},\"potentialAction\":[{\"@type\":\"SearchAction\",\"target\":{\"@type\":\"EntryPoint\",\"urlTemplate\":\"http:\/\/www.duzeyboya.com\/?s={search_term_string}\"},\"query-input\":\"required name=search_term_string\"}],\"inLanguage\":\"tr\"},{\"@type\":\"Organization\",\"@id\":\"http:\/\/www.duzeyboya.com\/#organization\",\"name\":\"Duzey Boya\",\"url\":\"http:\/\/www.duzeyboya.com\/\",\"logo\":{\"@type\":\"ImageObject\",\"inLanguage\":\"tr\",\"@id\":\"http:\/\/www.duzeyboya.com\/#\/schema\/logo\/image\/\",\"url\":\"http:\/\/www.duzeyboya.com\/wp-content\/uploads\/2023\/08\/192-elektrostatik-toz-boya-duzey-boya-ve-metal-sanayi-logo.png\",\"contentUrl\":\"http:\/\/www.duzeyboya.com\/wp-content\/uploads\/2023\/08\/192-elektrostatik-toz-boya-duzey-boya-ve-metal-sanayi-logo.png\",\"width\":286,\"height\":113,\"caption\":\"Duzey Boya\"},\"image\":{\"@id\":\"http:\/\/www.duzeyboya.com\/#\/schema\/logo\/image\/\"}}]}<\/script>\n<!-- \/ Yoast SEO plugin. -->","yoast_head_json":{"title":"Ah\u015fap Transfer Kaplama - Duzey Boya","robots":{"index":"index","follow":"follow","max-snippet":"max-snippet:-1","max-image-preview":"max-image-preview:large","max-video-preview":"max-video-preview:-1"},"canonical":"http:\/\/www.duzeyboya.com\/index.php\/ahsap-transfer-kaplama\/","og_locale":"tr_TR","og_type":"article","og_title":"Ah\u015fap Transfer Kaplama - Duzey Boya","og_description":"Ah\u015fap Transfer Kaplama&nbsp; D\u00fczey boya olarak t\u00fcm metal y\u00fczeyleri son derecek \u015f\u0131k ve dekoratif ah\u015fap desenler ile kapl\u0131yoruz. D\u00fczey Boya olarak malzemelerin g\u00f6rsel olarak do\u011fal ah\u015fap\u00a0g\u00f6r\u00fcn\u00fcmlerini sa\u011flamak i\u00e7in al\u00fcminyum profil, levha ve metallerin kullan\u0131m yeri ve amac\u0131na g\u00f6re uygun renk ve desen se\u00e7ilerek\u00a0transfer\u00a0y\u00f6ntemiyle metal malzemelerin y\u00fcksek kalitede do\u011fal\u00a0ah\u015fap g\u00f6r\u00fcn\u00fcm\u00fc kazanmas\u0131n\u0131 sa\u011fl\u0131yoruz.","og_url":"http:\/\/www.duzeyboya.com\/index.php\/ahsap-transfer-kaplama\/","og_site_name":"Duzey Boya","article_modified_time":"2023-09-14T16:36:41+00:00","og_image":[{"url":"http:\/\/www.duzeyboya.com\/wp-content\/uploads\/2023\/08\/87743120_118793296370830_1110241009960216357_n-1024x1024.jpg"}],"twitter_card":"summary_large_image","twitter_misc":{"Tahmini okuma s\u00fcresi":"2 dakika"},"schema":{"@context":"https:\/\/schema.org","@graph":[{"@type":"WebPage","@id":"http:\/\/www.duzeyboya.com\/index.php\/ahsap-transfer-kaplama\/","url":"http:\/\/www.duzeyboya.com\/index.php\/ahsap-transfer-kaplama\/","name":"Ah\u015fap Transfer Kaplama - Duzey Boya","isPartOf":{"@id":"http:\/\/www.duzeyboya.com\/#website"},"datePublished":"2023-08-22T10:14:39+00:00","dateModified":"2023-09-14T16:36:41+00:00","breadcrumb":{"@id":"http:\/\/www.duzeyboya.com\/index.php\/ahsap-transfer-kaplama\/#breadcrumb"},"inLanguage":"tr","potentialAction":[{"@type":"ReadAction","target":["http:\/\/www.duzeyboya.com\/index.php\/ahsap-transfer-kaplama\/"]}]},{"@type":"BreadcrumbList","@id":"http:\/\/www.duzeyboya.com\/index.php\/ahsap-transfer-kaplama\/#breadcrumb","itemListElement":[{"@type":"ListItem","position":1,"name":"Anasayfa","item":"http:\/\/www.duzeyboya.com\/"},{"@type":"ListItem","position":2,"name":"Ah\u015fap Transfer Kaplama"}]},{"@type":"WebSite","@id":"http:\/\/www.duzeyboya.com\/#website","url":"http:\/\/www.duzeyboya.com\/","name":"Duzey Boya","description":"Ah\u015fap Transfer Kaplama","publisher":{"@id":"http:\/\/www.duzeyboya.com\/#organization"},"potentialAction":[{"@type":"SearchAction","target":{"@type":"EntryPoint","urlTemplate":"http:\/\/www.duzeyboya.com\/?s={search_term_string}"},"query-input":"required name=search_term_string"}],"inLanguage":"tr"},{"@type":"Organization","@id":"http:\/\/www.duzeyboya.com\/#organization","name":"Duzey Boya","url":"http:\/\/www.duzeyboya.com\/","logo":{"@type":"ImageObject","inLanguage":"tr","@id":"http:\/\/www.duzeyboya.com\/#\/schema\/logo\/image\/","url":"http:\/\/www.duzeyboya.com\/wp-content\/uploads\/2023\/08\/192-elektrostatik-toz-boya-duzey-boya-ve-metal-sanayi-logo.png","contentUrl":"http:\/\/www.duzeyboya.com\/wp-content\/uploads\/2023\/08\/192-elektrostatik-toz-boya-duzey-boya-ve-metal-sanayi-logo.png","width":286,"height":113,"caption":"Duzey Boya"},"image":{"@id":"http:\/\/www.duzeyboya.com\/#\/schema\/logo\/image\/"}}]}},"_links":{"self":[{"href":"http:\/\/www.duzeyboya.com\/index.php\/wp-json\/wp\/v2\/pages\/712","targetHints":{"allow":["GET"]}}],"collection":[{"href":"http:\/\/www.duzeyboya.com\/index.php\/wp-json\/wp\/v2\/pages"}],"about":[{"href":"http:\/\/www.duzeyboya.com\/index.php\/wp-json\/wp\/v2\/types\/page"}],"author":[{"embeddable":true,"href":"http:\/\/www.duzeyboya.com\/index.php\/wp-json\/wp\/v2\/users\/2"}],"replies":[{"embeddable":true,"href":"http:\/\/www.duzeyboya.com\/index.php\/wp-json\/wp\/v2\/comments?post=712"}],"version-history":[{"count":7,"href":"http:\/\/www.duzeyboya.com\/index.php\/wp-json\/wp\/v2\/pages\/712\/revisions"}],"predecessor-version":[{"id":796,"href":"http:\/\/www.duzeyboya.com\/index.php\/wp-json\/wp\/v2\/pages\/712\/revisions\/796"}],"wp:attachment":[{"href":"http:\/\/www.duzeyboya.com\/index.php\/wp-json\/wp\/v2\/media?parent=712"}],"curies":[{"name":"wp","href":"https:\/\/api.w.org\/{rel}","templated":true}]}}