{"id":714,"date":"2023-08-22T13:06:56","date_gmt":"2023-08-22T10:06:56","guid":{"rendered":"http:\/\/www.duzeyboya.com\/?page_id=714"},"modified":"2023-08-22T14:21:14","modified_gmt":"2023-08-22T11:21:14","slug":"elektrostatik-toz-boya","status":"publish","type":"page","link":"http:\/\/www.duzeyboya.com\/index.php\/elektrostatik-toz-boya\/","title":{"rendered":"Elektrostatik Toz Boya"},"content":{"rendered":"\t\t<div data-elementor-type=\"wp-page\" data-elementor-id=\"714\" class=\"elementor elementor-714\">\n\t\t\t\t\t\t\t\t\t<section class=\"elementor-section elementor-top-section elementor-element elementor-element-2c6c56a elementor-section-boxed elementor-section-height-default elementor-section-height-default\" data-id=\"2c6c56a\" data-element_type=\"section\">\n\t\t\t\t\t\t<div class=\"elementor-container elementor-column-gap-default\">\n\t\t\t\t\t<div class=\"elementor-column elementor-col-50 elementor-top-column elementor-element elementor-element-8cfc96e\" data-id=\"8cfc96e\" data-element_type=\"column\">\n\t\t\t<div class=\"elementor-widget-wrap elementor-element-populated\">\n\t\t\t\t\t\t\t\t<div class=\"elementor-element elementor-element-6df30a8 elementor-widget elementor-widget-image\" data-id=\"6df30a8\" data-element_type=\"widget\" data-widget_type=\"image.default\">\n\t\t\t\t<div class=\"elementor-widget-container\">\n\t\t\t<style>\/*! elementor - v3.16.0 - 14-09-2023 *\/\n.elementor-widget-image{text-align:center}.elementor-widget-image a{display:inline-block}.elementor-widget-image a img[src$=\".svg\"]{width:48px}.elementor-widget-image img{vertical-align:middle;display:inline-block}<\/style>\t\t\t\t\t\t\t\t\t\t\t\t<img loading=\"lazy\" decoding=\"async\" width=\"800\" height=\"600\" src=\"http:\/\/www.duzeyboya.com\/wp-content\/uploads\/2023\/08\/559-galeri33-800x600-1.jpeg\" class=\"attachment-large size-large wp-image-519\" alt=\"\" srcset=\"http:\/\/www.duzeyboya.com\/wp-content\/uploads\/2023\/08\/559-galeri33-800x600-1.jpeg 800w, http:\/\/www.duzeyboya.com\/wp-content\/uploads\/2023\/08\/559-galeri33-800x600-1-300x225.jpeg 300w, http:\/\/www.duzeyboya.com\/wp-content\/uploads\/2023\/08\/559-galeri33-800x600-1-768x576.jpeg 768w, http:\/\/www.duzeyboya.com\/wp-content\/uploads\/2023\/08\/559-galeri33-800x600-1-600x450.jpeg 600w\" sizes=\"auto, (max-width: 800px) 100vw, 800px\" \/>\t\t\t\t\t\t\t\t\t\t\t\t\t\t\t<\/div>\n\t\t\t\t<\/div>\n\t\t\t\t\t<\/div>\n\t\t<\/div>\n\t\t\t\t<div class=\"elementor-column elementor-col-50 elementor-top-column elementor-element elementor-element-b98840b\" data-id=\"b98840b\" data-element_type=\"column\">\n\t\t\t<div class=\"elementor-widget-wrap elementor-element-populated\">\n\t\t\t\t\t\t\t\t<div class=\"elementor-element elementor-element-20e64eb elementor-widget elementor-widget-heading\" data-id=\"20e64eb\" data-element_type=\"widget\" data-widget_type=\"heading.default\">\n\t\t\t\t<div class=\"elementor-widget-container\">\n\t\t\t<style>\/*! elementor - v3.16.0 - 14-09-2023 *\/\n.elementor-heading-title{padding:0;margin:0;line-height:1}.elementor-widget-heading .elementor-heading-title[class*=elementor-size-]>a{color:inherit;font-size:inherit;line-height:inherit}.elementor-widget-heading .elementor-heading-title.elementor-size-small{font-size:15px}.elementor-widget-heading .elementor-heading-title.elementor-size-medium{font-size:19px}.elementor-widget-heading .elementor-heading-title.elementor-size-large{font-size:29px}.elementor-widget-heading .elementor-heading-title.elementor-size-xl{font-size:39px}.elementor-widget-heading .elementor-heading-title.elementor-size-xxl{font-size:59px}<\/style><h2 class=\"elementor-heading-title elementor-size-default\"><strong>Elektrostatik Toz Boya\n<\/strong><\/h2>\t\t<\/div>\n\t\t\t\t<\/div>\n\t\t\t\t<div class=\"elementor-element elementor-element-6498acd5 elementor-widget elementor-widget-text-editor\" data-id=\"6498acd5\" data-element_type=\"widget\" data-widget_type=\"text-editor.default\">\n\t\t\t\t<div class=\"elementor-widget-container\">\n\t\t\t<style>\/*! elementor - v3.16.0 - 14-09-2023 *\/\n.elementor-widget-text-editor.elementor-drop-cap-view-stacked .elementor-drop-cap{background-color:#69727d;color:#fff}.elementor-widget-text-editor.elementor-drop-cap-view-framed .elementor-drop-cap{color:#69727d;border:3px solid;background-color:transparent}.elementor-widget-text-editor:not(.elementor-drop-cap-view-default) .elementor-drop-cap{margin-top:8px}.elementor-widget-text-editor:not(.elementor-drop-cap-view-default) .elementor-drop-cap-letter{width:1em;height:1em}.elementor-widget-text-editor .elementor-drop-cap{float:left;text-align:center;line-height:1;font-size:50px}.elementor-widget-text-editor .elementor-drop-cap-letter{display:inline-block}<\/style>\t\t\t\t<p><em>Elektrostatik toz boyama<\/em> i\u015flemi solvent i\u00e7ermeyen bir y\u00fczey kaplama \u00e7e\u015fididir. Kaplay\u0131c\u0131 malzeme, son kat boya tabakas\u0131n\u0131 olu\u015fturan \u00e7ok ince toz boya partik\u00fclleridir.<\/p>\t\t\t\t\t\t<\/div>\n\t\t\t\t<\/div>\n\t\t\t\t<div class=\"elementor-element elementor-element-58986ab elementor-widget elementor-widget-text-editor\" data-id=\"58986ab\" data-element_type=\"widget\" data-widget_type=\"text-editor.default\">\n\t\t\t\t<div class=\"elementor-widget-container\">\n\t\t\t\t\t\t\t<div class=\"co8aDb\" role=\"heading\" aria-level=\"3\"><b>Elektrostatik toz boya nerelerde kullan\u0131l\u0131r?<\/b><\/div><div class=\"RqBzHd\"><ul class=\"i8Z77e\"><li class=\"TrT0Xe\">\u00c7elik kap\u0131 imalat\u0131<\/li><li class=\"TrT0Xe\">Bisiklet \u00fcretimi.<\/li><li class=\"TrT0Xe\">\u00c7ocuk park\u0131 oyuncaklar\u0131 \u00fcretimi.<\/li><li class=\"TrT0Xe\">\u00c7elik raf imalat\u0131<\/li><li class=\"TrT0Xe\">Beyaz e\u015fya sanayi.<\/li><li class=\"TrT0Xe\">Ayd\u0131nlatma sanayi.<\/li><li class=\"TrT0Xe\">Metal mobilya imalat\u0131<\/li><li class=\"TrT0Xe\">Tar\u0131m ara\u00e7lar\u0131 imalat\u0131<\/li><\/ul><\/div>\t\t\t\t\t\t<\/div>\n\t\t\t\t<\/div>\n\t\t\t\t\t<\/div>\n\t\t<\/div>\n\t\t\t\t\t\t\t<\/div>\n\t\t<\/section>\n\t\t\t\t<section class=\"elementor-section elementor-top-section elementor-element elementor-element-9fe3078 elementor-section-boxed elementor-section-height-default elementor-section-height-default\" data-id=\"9fe3078\" data-element_type=\"section\">\n\t\t\t\t\t\t<div class=\"elementor-container elementor-column-gap-default\">\n\t\t\t\t\t<div class=\"elementor-column elementor-col-25 elementor-top-column elementor-element elementor-element-8dc9455\" data-id=\"8dc9455\" data-element_type=\"column\">\n\t\t\t<div class=\"elementor-widget-wrap elementor-element-populated\">\n\t\t\t\t\t\t\t\t<div class=\"elementor-element elementor-element-b4b53c5 elementor-widget elementor-widget-image\" data-id=\"b4b53c5\" data-element_type=\"widget\" data-widget_type=\"image.default\">\n\t\t\t\t<div class=\"elementor-widget-container\">\n\t\t\t\t\t\t\t\t\t\t\t\t\t\t\t<img loading=\"lazy\" decoding=\"async\" width=\"300\" height=\"283\" src=\"http:\/\/www.duzeyboya.com\/wp-content\/uploads\/2023\/08\/IMG_20191008_132631-scaled-e1692703241569-300x283.jpg\" class=\"attachment-medium size-medium wp-image-739\" alt=\"\" srcset=\"http:\/\/www.duzeyboya.com\/wp-content\/uploads\/2023\/08\/IMG_20191008_132631-scaled-e1692703241569-300x283.jpg 300w, http:\/\/www.duzeyboya.com\/wp-content\/uploads\/2023\/08\/IMG_20191008_132631-scaled-e1692703241569-1024x965.jpg 1024w, http:\/\/www.duzeyboya.com\/wp-content\/uploads\/2023\/08\/IMG_20191008_132631-scaled-e1692703241569-768x724.jpg 768w, http:\/\/www.duzeyboya.com\/wp-content\/uploads\/2023\/08\/IMG_20191008_132631-scaled-e1692703241569-1536x1447.jpg 1536w, http:\/\/www.duzeyboya.com\/wp-content\/uploads\/2023\/08\/IMG_20191008_132631-scaled-e1692703241569-600x565.jpg 600w, http:\/\/www.duzeyboya.com\/wp-content\/uploads\/2023\/08\/IMG_20191008_132631-scaled-e1692703241569.jpg 1920w\" sizes=\"auto, (max-width: 300px) 100vw, 300px\" \/>\t\t\t\t\t\t\t\t\t\t\t\t\t\t\t<\/div>\n\t\t\t\t<\/div>\n\t\t\t\t\t<\/div>\n\t\t<\/div>\n\t\t\t\t<div class=\"elementor-column elementor-col-25 elementor-top-column elementor-element elementor-element-eb6bf52\" data-id=\"eb6bf52\" data-element_type=\"column\">\n\t\t\t<div class=\"elementor-widget-wrap elementor-element-populated\">\n\t\t\t\t\t\t\t\t<div class=\"elementor-element elementor-element-3dacd9e elementor-widget elementor-widget-image\" data-id=\"3dacd9e\" data-element_type=\"widget\" data-widget_type=\"image.default\">\n\t\t\t\t<div class=\"elementor-widget-container\">\n\t\t\t\t\t\t\t\t\t\t\t\t\t\t\t<img loading=\"lazy\" decoding=\"async\" width=\"195\" height=\"195\" src=\"http:\/\/www.duzeyboya.com\/wp-content\/uploads\/2023\/08\/1574117627814.jpg\" class=\"attachment-medium size-medium wp-image-738\" alt=\"\" srcset=\"http:\/\/www.duzeyboya.com\/wp-content\/uploads\/2023\/08\/1574117627814.jpg 195w, http:\/\/www.duzeyboya.com\/wp-content\/uploads\/2023\/08\/1574117627814-150x150.jpg 150w\" sizes=\"auto, (max-width: 195px) 100vw, 195px\" \/>\t\t\t\t\t\t\t\t\t\t\t\t\t\t\t<\/div>\n\t\t\t\t<\/div>\n\t\t\t\t\t<\/div>\n\t\t<\/div>\n\t\t\t\t<div class=\"elementor-column elementor-col-25 elementor-top-column elementor-element elementor-element-7a3e1ba\" data-id=\"7a3e1ba\" data-element_type=\"column\">\n\t\t\t<div class=\"elementor-widget-wrap elementor-element-populated\">\n\t\t\t\t\t\t\t\t<div class=\"elementor-element elementor-element-4b47d33 elementor-widget elementor-widget-image\" data-id=\"4b47d33\" data-element_type=\"widget\" data-widget_type=\"image.default\">\n\t\t\t\t<div class=\"elementor-widget-container\">\n\t\t\t\t\t\t\t\t\t\t\t\t\t\t\t<img loading=\"lazy\" decoding=\"async\" width=\"320\" height=\"240\" src=\"http:\/\/www.duzeyboya.com\/wp-content\/uploads\/2023\/08\/1573481019360.jpg\" class=\"attachment-large size-large wp-image-737\" alt=\"\" srcset=\"http:\/\/www.duzeyboya.com\/wp-content\/uploads\/2023\/08\/1573481019360.jpg 320w, http:\/\/www.duzeyboya.com\/wp-content\/uploads\/2023\/08\/1573481019360-300x225.jpg 300w\" sizes=\"auto, (max-width: 320px) 100vw, 320px\" \/>\t\t\t\t\t\t\t\t\t\t\t\t\t\t\t<\/div>\n\t\t\t\t<\/div>\n\t\t\t\t\t<\/div>\n\t\t<\/div>\n\t\t\t\t<div class=\"elementor-column elementor-col-25 elementor-top-column elementor-element elementor-element-e8f27a0\" data-id=\"e8f27a0\" data-element_type=\"column\">\n\t\t\t<div class=\"elementor-widget-wrap elementor-element-populated\">\n\t\t\t\t\t\t\t\t<div class=\"elementor-element elementor-element-0bfbf17 elementor-widget elementor-widget-image\" data-id=\"0bfbf17\" data-element_type=\"widget\" data-widget_type=\"image.default\">\n\t\t\t\t<div class=\"elementor-widget-container\">\n\t\t\t\t\t\t\t\t\t\t\t\t\t\t\t<img loading=\"lazy\" decoding=\"async\" width=\"195\" height=\"195\" src=\"http:\/\/www.duzeyboya.com\/wp-content\/uploads\/2023\/08\/1573479530254.jpg\" class=\"attachment-large size-large wp-image-736\" alt=\"\" srcset=\"http:\/\/www.duzeyboya.com\/wp-content\/uploads\/2023\/08\/1573479530254.jpg 195w, http:\/\/www.duzeyboya.com\/wp-content\/uploads\/2023\/08\/1573479530254-150x150.jpg 150w\" sizes=\"auto, (max-width: 195px) 100vw, 195px\" \/>\t\t\t\t\t\t\t\t\t\t\t\t\t\t\t<\/div>\n\t\t\t\t<\/div>\n\t\t\t\t\t<\/div>\n\t\t<\/div>\n\t\t\t\t\t\t\t<\/div>\n\t\t<\/section>\n\t\t\t\t\t\t\t<\/div>\n\t\t","protected":false},"excerpt":{"rendered":"<p>Elektrostatik Toz Boya Elektrostatik toz boyama i\u015flemi solvent i\u00e7ermeyen bir y\u00fczey kaplama \u00e7e\u015fididir. Kaplay\u0131c\u0131 malzeme, son kat boya tabakas\u0131n\u0131 olu\u015fturan \u00e7ok ince toz boya partik\u00fclleridir. Elektrostatik toz boya nerelerde kullan\u0131l\u0131r? \u00c7elik kap\u0131 imalat\u0131 Bisiklet \u00fcretimi. \u00c7ocuk park\u0131 oyuncaklar\u0131 \u00fcretimi. \u00c7elik raf imalat\u0131 Beyaz e\u015fya sanayi. Ayd\u0131nlatma sanayi. Metal mobilya imalat\u0131 Tar\u0131m ara\u00e7lar\u0131 imalat\u0131<\/p>\n","protected":false},"author":2,"featured_media":0,"parent":0,"menu_order":0,"comment_status":"closed","ping_status":"closed","template":"","meta":{"om_disable_all_campaigns":false,"_monsterinsights_skip_tracking":false,"_monsterinsights_sitenote_active":false,"_monsterinsights_sitenote_note":"","_monsterinsights_sitenote_category":0,"footnotes":""},"class_list":["post-714","page","type-page","status-publish","hentry"],"yoast_head":"<!-- This site is optimized with the Yoast SEO plugin v21.1 - https:\/\/yoast.com\/wordpress\/plugins\/seo\/ -->\n<title>Elektrostatik Toz Boya - Duzey Boya<\/title>\n<meta name=\"robots\" content=\"index, follow, max-snippet:-1, max-image-preview:large, max-video-preview:-1\" \/>\n<link rel=\"canonical\" href=\"http:\/\/www.duzeyboya.com\/index.php\/elektrostatik-toz-boya\/\" \/>\n<meta property=\"og:locale\" content=\"tr_TR\" \/>\n<meta property=\"og:type\" content=\"article\" \/>\n<meta property=\"og:title\" content=\"Elektrostatik Toz Boya - Duzey Boya\" \/>\n<meta property=\"og:description\" content=\"Elektrostatik Toz Boya Elektrostatik toz boyama i\u015flemi solvent i\u00e7ermeyen bir y\u00fczey kaplama \u00e7e\u015fididir. Kaplay\u0131c\u0131 malzeme, son kat boya tabakas\u0131n\u0131 olu\u015fturan \u00e7ok ince toz boya partik\u00fclleridir. Elektrostatik toz boya nerelerde kullan\u0131l\u0131r? \u00c7elik kap\u0131 imalat\u0131 Bisiklet \u00fcretimi. \u00c7ocuk park\u0131 oyuncaklar\u0131 \u00fcretimi. \u00c7elik raf imalat\u0131 Beyaz e\u015fya sanayi. Ayd\u0131nlatma sanayi. Metal mobilya imalat\u0131 Tar\u0131m ara\u00e7lar\u0131 imalat\u0131\" \/>\n<meta property=\"og:url\" content=\"http:\/\/www.duzeyboya.com\/index.php\/elektrostatik-toz-boya\/\" \/>\n<meta property=\"og:site_name\" content=\"Duzey Boya\" \/>\n<meta property=\"article:modified_time\" content=\"2023-08-22T11:21:14+00:00\" \/>\n<meta property=\"og:image\" content=\"http:\/\/www.duzeyboya.com\/wp-content\/uploads\/2023\/08\/559-galeri33-800x600-1.jpeg\" \/>\n<meta name=\"twitter:card\" content=\"summary_large_image\" \/>\n<meta name=\"twitter:label1\" content=\"Tahmini okuma s\u00fcresi\" \/>\n\t<meta name=\"twitter:data1\" content=\"2 dakika\" \/>\n<script type=\"application\/ld+json\" class=\"yoast-schema-graph\">{\"@context\":\"https:\/\/schema.org\",\"@graph\":[{\"@type\":\"WebPage\",\"@id\":\"http:\/\/www.duzeyboya.com\/index.php\/elektrostatik-toz-boya\/\",\"url\":\"http:\/\/www.duzeyboya.com\/index.php\/elektrostatik-toz-boya\/\",\"name\":\"Elektrostatik Toz Boya - Duzey Boya\",\"isPartOf\":{\"@id\":\"http:\/\/www.duzeyboya.com\/#website\"},\"datePublished\":\"2023-08-22T10:06:56+00:00\",\"dateModified\":\"2023-08-22T11:21:14+00:00\",\"breadcrumb\":{\"@id\":\"http:\/\/www.duzeyboya.com\/index.php\/elektrostatik-toz-boya\/#breadcrumb\"},\"inLanguage\":\"tr\",\"potentialAction\":[{\"@type\":\"ReadAction\",\"target\":[\"http:\/\/www.duzeyboya.com\/index.php\/elektrostatik-toz-boya\/\"]}]},{\"@type\":\"BreadcrumbList\",\"@id\":\"http:\/\/www.duzeyboya.com\/index.php\/elektrostatik-toz-boya\/#breadcrumb\",\"itemListElement\":[{\"@type\":\"ListItem\",\"position\":1,\"name\":\"Anasayfa\",\"item\":\"http:\/\/www.duzeyboya.com\/\"},{\"@type\":\"ListItem\",\"position\":2,\"name\":\"Elektrostatik Toz Boya\"}]},{\"@type\":\"WebSite\",\"@id\":\"http:\/\/www.duzeyboya.com\/#website\",\"url\":\"http:\/\/www.duzeyboya.com\/\",\"name\":\"Duzey Boya\",\"description\":\"Ah\u015fap Transfer Kaplama\",\"publisher\":{\"@id\":\"http:\/\/www.duzeyboya.com\/#organization\"},\"potentialAction\":[{\"@type\":\"SearchAction\",\"target\":{\"@type\":\"EntryPoint\",\"urlTemplate\":\"http:\/\/www.duzeyboya.com\/?s={search_term_string}\"},\"query-input\":\"required name=search_term_string\"}],\"inLanguage\":\"tr\"},{\"@type\":\"Organization\",\"@id\":\"http:\/\/www.duzeyboya.com\/#organization\",\"name\":\"Duzey Boya\",\"url\":\"http:\/\/www.duzeyboya.com\/\",\"logo\":{\"@type\":\"ImageObject\",\"inLanguage\":\"tr\",\"@id\":\"http:\/\/www.duzeyboya.com\/#\/schema\/logo\/image\/\",\"url\":\"http:\/\/www.duzeyboya.com\/wp-content\/uploads\/2023\/08\/192-elektrostatik-toz-boya-duzey-boya-ve-metal-sanayi-logo.png\",\"contentUrl\":\"http:\/\/www.duzeyboya.com\/wp-content\/uploads\/2023\/08\/192-elektrostatik-toz-boya-duzey-boya-ve-metal-sanayi-logo.png\",\"width\":286,\"height\":113,\"caption\":\"Duzey Boya\"},\"image\":{\"@id\":\"http:\/\/www.duzeyboya.com\/#\/schema\/logo\/image\/\"}}]}<\/script>\n<!-- \/ Yoast SEO plugin. -->","yoast_head_json":{"title":"Elektrostatik Toz Boya - Duzey Boya","robots":{"index":"index","follow":"follow","max-snippet":"max-snippet:-1","max-image-preview":"max-image-preview:large","max-video-preview":"max-video-preview:-1"},"canonical":"http:\/\/www.duzeyboya.com\/index.php\/elektrostatik-toz-boya\/","og_locale":"tr_TR","og_type":"article","og_title":"Elektrostatik Toz Boya - Duzey Boya","og_description":"Elektrostatik Toz Boya Elektrostatik toz boyama i\u015flemi solvent i\u00e7ermeyen bir y\u00fczey kaplama \u00e7e\u015fididir. Kaplay\u0131c\u0131 malzeme, son kat boya tabakas\u0131n\u0131 olu\u015fturan \u00e7ok ince toz boya partik\u00fclleridir. Elektrostatik toz boya nerelerde kullan\u0131l\u0131r? \u00c7elik kap\u0131 imalat\u0131 Bisiklet \u00fcretimi. \u00c7ocuk park\u0131 oyuncaklar\u0131 \u00fcretimi. \u00c7elik raf imalat\u0131 Beyaz e\u015fya sanayi. Ayd\u0131nlatma sanayi. Metal mobilya imalat\u0131 Tar\u0131m ara\u00e7lar\u0131 imalat\u0131","og_url":"http:\/\/www.duzeyboya.com\/index.php\/elektrostatik-toz-boya\/","og_site_name":"Duzey Boya","article_modified_time":"2023-08-22T11:21:14+00:00","og_image":[{"url":"http:\/\/www.duzeyboya.com\/wp-content\/uploads\/2023\/08\/559-galeri33-800x600-1.jpeg"}],"twitter_card":"summary_large_image","twitter_misc":{"Tahmini okuma s\u00fcresi":"2 dakika"},"schema":{"@context":"https:\/\/schema.org","@graph":[{"@type":"WebPage","@id":"http:\/\/www.duzeyboya.com\/index.php\/elektrostatik-toz-boya\/","url":"http:\/\/www.duzeyboya.com\/index.php\/elektrostatik-toz-boya\/","name":"Elektrostatik Toz Boya - Duzey Boya","isPartOf":{"@id":"http:\/\/www.duzeyboya.com\/#website"},"datePublished":"2023-08-22T10:06:56+00:00","dateModified":"2023-08-22T11:21:14+00:00","breadcrumb":{"@id":"http:\/\/www.duzeyboya.com\/index.php\/elektrostatik-toz-boya\/#breadcrumb"},"inLanguage":"tr","potentialAction":[{"@type":"ReadAction","target":["http:\/\/www.duzeyboya.com\/index.php\/elektrostatik-toz-boya\/"]}]},{"@type":"BreadcrumbList","@id":"http:\/\/www.duzeyboya.com\/index.php\/elektrostatik-toz-boya\/#breadcrumb","itemListElement":[{"@type":"ListItem","position":1,"name":"Anasayfa","item":"http:\/\/www.duzeyboya.com\/"},{"@type":"ListItem","position":2,"name":"Elektrostatik Toz Boya"}]},{"@type":"WebSite","@id":"http:\/\/www.duzeyboya.com\/#website","url":"http:\/\/www.duzeyboya.com\/","name":"Duzey Boya","description":"Ah\u015fap Transfer Kaplama","publisher":{"@id":"http:\/\/www.duzeyboya.com\/#organization"},"potentialAction":[{"@type":"SearchAction","target":{"@type":"EntryPoint","urlTemplate":"http:\/\/www.duzeyboya.com\/?s={search_term_string}"},"query-input":"required name=search_term_string"}],"inLanguage":"tr"},{"@type":"Organization","@id":"http:\/\/www.duzeyboya.com\/#organization","name":"Duzey Boya","url":"http:\/\/www.duzeyboya.com\/","logo":{"@type":"ImageObject","inLanguage":"tr","@id":"http:\/\/www.duzeyboya.com\/#\/schema\/logo\/image\/","url":"http:\/\/www.duzeyboya.com\/wp-content\/uploads\/2023\/08\/192-elektrostatik-toz-boya-duzey-boya-ve-metal-sanayi-logo.png","contentUrl":"http:\/\/www.duzeyboya.com\/wp-content\/uploads\/2023\/08\/192-elektrostatik-toz-boya-duzey-boya-ve-metal-sanayi-logo.png","width":286,"height":113,"caption":"Duzey Boya"},"image":{"@id":"http:\/\/www.duzeyboya.com\/#\/schema\/logo\/image\/"}}]}},"_links":{"self":[{"href":"http:\/\/www.duzeyboya.com\/index.php\/wp-json\/wp\/v2\/pages\/714","targetHints":{"allow":["GET"]}}],"collection":[{"href":"http:\/\/www.duzeyboya.com\/index.php\/wp-json\/wp\/v2\/pages"}],"about":[{"href":"http:\/\/www.duzeyboya.com\/index.php\/wp-json\/wp\/v2\/types\/page"}],"author":[{"embeddable":true,"href":"http:\/\/www.duzeyboya.com\/index.php\/wp-json\/wp\/v2\/users\/2"}],"replies":[{"embeddable":true,"href":"http:\/\/www.duzeyboya.com\/index.php\/wp-json\/wp\/v2\/comments?post=714"}],"version-history":[{"count":7,"href":"http:\/\/www.duzeyboya.com\/index.php\/wp-json\/wp\/v2\/pages\/714\/revisions"}],"predecessor-version":[{"id":742,"href":"http:\/\/www.duzeyboya.com\/index.php\/wp-json\/wp\/v2\/pages\/714\/revisions\/742"}],"wp:attachment":[{"href":"http:\/\/www.duzeyboya.com\/index.php\/wp-json\/wp\/v2\/media?parent=714"}],"curies":[{"name":"wp","href":"https:\/\/api.w.org\/{rel}","templated":true}]}}